{"id":6580,"date":"2025-11-12T15:06:08","date_gmt":"2025-11-12T18:06:08","guid":{"rendered":"https:\/\/www.flacunhasemijoias.com.br\/loja\/?post_type=product&#038;p=6580"},"modified":"2025-11-19T12:29:37","modified_gmt":"2025-11-19T15:29:37","slug":"colar-3-coracoes-cravejados-de-zirconias-em-prata-925","status":"publish","type":"product","link":"https:\/\/www.flacunhasemijoias.com.br\/loja\/produto\/colar-3-coracoes-cravejados-de-zirconias-em-prata-925\/","title":{"rendered":"Colar 3 Cora\u00e7\u00f5es Cravejados de Zirc\u00f4nias em Prata 925"},"content":{"rendered":"<p>Colar 3 cora\u00e7\u00f5es cravejados de zirc\u00f4nias brancas, em prata 925.<\/p>\n","protected":false},"excerpt":{"rendered":"<p>Colar 3 cora\u00e7\u00f5es cravejados de zirc\u00f4nias brancas, em prata 925.<\/p>\n","protected":false},"featured_media":6581,"template":"","meta":[],"product_brand":[],"product_cat":[46],"product_tag":[85,113,72,141,54],"class_list":{"0":"post-6580","1":"product","2":"type-product","3":"status-publish","4":"has-post-thumbnail","6":"product_cat-colares","7":"product_tag-colar","8":"product_tag-coracao","9":"product_tag-cravejado","10":"product_tag-prata-925","11":"product_tag-zirconia","13":"first","14":"outofstock","15":"shipping-taxable","16":"purchasable","17":"product-type-simple"},"aioseo_notices":[],"_links":{"self":[{"href":"https:\/\/www.flacunhasemijoias.com.br\/loja\/wp-json\/wp\/v2\/product\/6580","targetHints":{"allow":["GET"]}}],"collection":[{"href":"https:\/\/www.flacunhasemijoias.com.br\/loja\/wp-json\/wp\/v2\/product"}],"about":[{"href":"https:\/\/www.flacunhasemijoias.com.br\/loja\/wp-json\/wp\/v2\/types\/product"}],"wp:featuredmedia":[{"embeddable":true,"href":"https:\/\/www.flacunhasemijoias.com.br\/loja\/wp-json\/wp\/v2\/media\/6581"}],"wp:attachment":[{"href":"https:\/\/www.flacunhasemijoias.com.br\/loja\/wp-json\/wp\/v2\/media?parent=6580"}],"wp:term":[{"taxonomy":"product_brand","embeddable":true,"href":"https:\/\/www.flacunhasemijoias.com.br\/loja\/wp-json\/wp\/v2\/product_brand?post=6580"},{"taxonomy":"product_cat","embeddable":true,"href":"https:\/\/www.flacunhasemijoias.com.br\/loja\/wp-json\/wp\/v2\/product_cat?post=6580"},{"taxonomy":"product_tag","embeddable":true,"href":"https:\/\/www.flacunhasemijoias.com.br\/loja\/wp-json\/wp\/v2\/product_tag?post=6580"}],"curies":[{"name":"wp","href":"https:\/\/api.w.org\/{rel}","templated":true}]}}