{"id":6646,"date":"2025-11-14T13:08:18","date_gmt":"2025-11-14T16:08:18","guid":{"rendered":"https:\/\/www.flacunhasemijoias.com.br\/loja\/?post_type=product&#038;p=6646"},"modified":"2025-11-15T12:45:30","modified_gmt":"2025-11-15T15:45:30","slug":"colar-coracao-tanzanita-3mm-cravejado-com-zirconias-em-prata-925","status":"publish","type":"product","link":"https:\/\/www.flacunhasemijoias.com.br\/loja\/produto\/colar-coracao-tanzanita-3mm-cravejado-com-zirconias-em-prata-925\/","title":{"rendered":"Colar Cora\u00e7\u00e3o Tanzanita 3mm Cravejado com Zirc\u00f4nias em Prata 925"},"content":{"rendered":"<p>Colar cora\u00e7\u00e3o tanzanita 3mm cravejado com zirc\u00f4nias brancas ao redor, em prata 925.<\/p>\n","protected":false},"excerpt":{"rendered":"<p>Colar cora\u00e7\u00e3o tanzanita 3mm cravejado com zirc\u00f4nias brancas ao redor, em prata 925.<\/p>\n","protected":false},"featured_media":6647,"template":"","meta":[],"product_brand":[],"product_cat":[46],"product_tag":[85,113,72,141,59,54],"class_list":{"0":"post-6646","1":"product","2":"type-product","3":"status-publish","4":"has-post-thumbnail","6":"product_cat-colares","7":"product_tag-colar","8":"product_tag-coracao","9":"product_tag-cravejado","10":"product_tag-prata-925","11":"product_tag-tanzanita","12":"product_tag-zirconia","14":"first","15":"outofstock","16":"shipping-taxable","17":"purchasable","18":"product-type-simple"},"aioseo_notices":[],"_links":{"self":[{"href":"https:\/\/www.flacunhasemijoias.com.br\/loja\/wp-json\/wp\/v2\/product\/6646","targetHints":{"allow":["GET"]}}],"collection":[{"href":"https:\/\/www.flacunhasemijoias.com.br\/loja\/wp-json\/wp\/v2\/product"}],"about":[{"href":"https:\/\/www.flacunhasemijoias.com.br\/loja\/wp-json\/wp\/v2\/types\/product"}],"wp:featuredmedia":[{"embeddable":true,"href":"https:\/\/www.flacunhasemijoias.com.br\/loja\/wp-json\/wp\/v2\/media\/6647"}],"wp:attachment":[{"href":"https:\/\/www.flacunhasemijoias.com.br\/loja\/wp-json\/wp\/v2\/media?parent=6646"}],"wp:term":[{"taxonomy":"product_brand","embeddable":true,"href":"https:\/\/www.flacunhasemijoias.com.br\/loja\/wp-json\/wp\/v2\/product_brand?post=6646"},{"taxonomy":"product_cat","embeddable":true,"href":"https:\/\/www.flacunhasemijoias.com.br\/loja\/wp-json\/wp\/v2\/product_cat?post=6646"},{"taxonomy":"product_tag","embeddable":true,"href":"https:\/\/www.flacunhasemijoias.com.br\/loja\/wp-json\/wp\/v2\/product_tag?post=6646"}],"curies":[{"name":"wp","href":"https:\/\/api.w.org\/{rel}","templated":true}]}}