{"id":6650,"date":"2025-11-14T13:26:24","date_gmt":"2025-11-14T16:26:24","guid":{"rendered":"https:\/\/www.flacunhasemijoias.com.br\/loja\/?post_type=product&#038;p=6650"},"modified":"2026-03-13T15:57:40","modified_gmt":"2026-03-13T18:57:40","slug":"colar-coracao-rubi-3mm-em-prata-925","status":"publish","type":"product","link":"https:\/\/www.flacunhasemijoias.com.br\/loja\/produto\/colar-coracao-rubi-3mm-em-prata-925\/","title":{"rendered":"Colar Cora\u00e7\u00e3o Rubi 3mm em Prata 925"},"content":{"rendered":"<p>Colar cora\u00e7\u00e3o rubi 3mm cravejado de zirc\u00f4nias brancas ao redor, em prata 925.<\/p>\n","protected":false},"excerpt":{"rendered":"<p>Colar cora\u00e7\u00e3o rubi 3mm cravejado de zirc\u00f4nias brancas ao redor, em prata 925.<\/p>\n","protected":false},"featured_media":6651,"template":"","meta":[],"product_brand":[],"product_cat":[46],"product_tag":[85,113,72,141,61,54],"class_list":{"0":"post-6650","1":"product","2":"type-product","3":"status-publish","4":"has-post-thumbnail","6":"product_cat-colares","7":"product_tag-colar","8":"product_tag-coracao","9":"product_tag-cravejado","10":"product_tag-prata-925","11":"product_tag-rubi","12":"product_tag-zirconia","14":"first","15":"instock","16":"shipping-taxable","17":"purchasable","18":"product-type-simple"},"aioseo_notices":[],"_links":{"self":[{"href":"https:\/\/www.flacunhasemijoias.com.br\/loja\/wp-json\/wp\/v2\/product\/6650","targetHints":{"allow":["GET"]}}],"collection":[{"href":"https:\/\/www.flacunhasemijoias.com.br\/loja\/wp-json\/wp\/v2\/product"}],"about":[{"href":"https:\/\/www.flacunhasemijoias.com.br\/loja\/wp-json\/wp\/v2\/types\/product"}],"wp:featuredmedia":[{"embeddable":true,"href":"https:\/\/www.flacunhasemijoias.com.br\/loja\/wp-json\/wp\/v2\/media\/6651"}],"wp:attachment":[{"href":"https:\/\/www.flacunhasemijoias.com.br\/loja\/wp-json\/wp\/v2\/media?parent=6650"}],"wp:term":[{"taxonomy":"product_brand","embeddable":true,"href":"https:\/\/www.flacunhasemijoias.com.br\/loja\/wp-json\/wp\/v2\/product_brand?post=6650"},{"taxonomy":"product_cat","embeddable":true,"href":"https:\/\/www.flacunhasemijoias.com.br\/loja\/wp-json\/wp\/v2\/product_cat?post=6650"},{"taxonomy":"product_tag","embeddable":true,"href":"https:\/\/www.flacunhasemijoias.com.br\/loja\/wp-json\/wp\/v2\/product_tag?post=6650"}],"curies":[{"name":"wp","href":"https:\/\/api.w.org\/{rel}","templated":true}]}}