{"id":6673,"date":"2025-11-14T16:37:24","date_gmt":"2025-11-14T19:37:24","guid":{"rendered":"https:\/\/www.flacunhasemijoias.com.br\/loja\/?post_type=product&#038;p=6673"},"modified":"2025-12-24T13:41:07","modified_gmt":"2025-12-24T16:41:07","slug":"colar-escapulario-nossa-senhora-das-gracas-banhado-a-ouro18k","status":"publish","type":"product","link":"https:\/\/www.flacunhasemijoias.com.br\/loja\/produto\/colar-escapulario-nossa-senhora-das-gracas-banhado-a-ouro18k\/","title":{"rendered":"Colar Escapul\u00e1rio Nossa Senhora das Gra\u00e7as Banhado a Ouro18k"},"content":{"rendered":"<p>Colar escapul\u00e1rio Nossa Senhora das Gra\u00e7as, banhado a ouro18k.<\/p>\n","protected":false},"excerpt":{"rendered":"<p>Colar escapul\u00e1rio Nossa Senhora das Gra\u00e7as, banhado a ouro18k.<\/p>\n","protected":false},"featured_media":6674,"template":"","meta":[],"product_brand":[],"product_cat":[46],"product_tag":[85,62,355],"class_list":{"0":"post-6673","1":"product","2":"type-product","3":"status-publish","4":"has-post-thumbnail","6":"product_cat-colares","7":"product_tag-colar","8":"product_tag-folheado","9":"product_tag-nossa-senhora-das-gracas","11":"first","12":"outofstock","13":"shipping-taxable","14":"purchasable","15":"product-type-simple"},"aioseo_notices":[],"_links":{"self":[{"href":"https:\/\/www.flacunhasemijoias.com.br\/loja\/wp-json\/wp\/v2\/product\/6673","targetHints":{"allow":["GET"]}}],"collection":[{"href":"https:\/\/www.flacunhasemijoias.com.br\/loja\/wp-json\/wp\/v2\/product"}],"about":[{"href":"https:\/\/www.flacunhasemijoias.com.br\/loja\/wp-json\/wp\/v2\/types\/product"}],"wp:featuredmedia":[{"embeddable":true,"href":"https:\/\/www.flacunhasemijoias.com.br\/loja\/wp-json\/wp\/v2\/media\/6674"}],"wp:attachment":[{"href":"https:\/\/www.flacunhasemijoias.com.br\/loja\/wp-json\/wp\/v2\/media?parent=6673"}],"wp:term":[{"taxonomy":"product_brand","embeddable":true,"href":"https:\/\/www.flacunhasemijoias.com.br\/loja\/wp-json\/wp\/v2\/product_brand?post=6673"},{"taxonomy":"product_cat","embeddable":true,"href":"https:\/\/www.flacunhasemijoias.com.br\/loja\/wp-json\/wp\/v2\/product_cat?post=6673"},{"taxonomy":"product_tag","embeddable":true,"href":"https:\/\/www.flacunhasemijoias.com.br\/loja\/wp-json\/wp\/v2\/product_tag?post=6673"}],"curies":[{"name":"wp","href":"https:\/\/api.w.org\/{rel}","templated":true}]}}