{"id":6700,"date":"2025-11-14T17:51:04","date_gmt":"2025-11-14T20:51:04","guid":{"rendered":"https:\/\/www.flacunhasemijoias.com.br\/loja\/?post_type=product&#038;p=6700"},"modified":"2025-11-14T17:51:05","modified_gmt":"2025-11-14T20:51:05","slug":"colar-medalha-milagrosa-de-nossa-senhora-das-gracas-com-zirconias-banhado-a-ouro18k","status":"publish","type":"product","link":"https:\/\/www.flacunhasemijoias.com.br\/loja\/produto\/colar-medalha-milagrosa-de-nossa-senhora-das-gracas-com-zirconias-banhado-a-ouro18k\/","title":{"rendered":"Colar Medalha Milagrosa de Nossa Senhora das Gra\u00e7as com Zirc\u00f4nias Banhado a Ouro18k"},"content":{"rendered":"<p>Colar medalha milagrosa de nossa senhora das gra\u00e7as com zirc\u00f4nias, banhado a ouro18k.<\/p>\n","protected":false},"excerpt":{"rendered":"<p>Colar medalha milagrosa de nossa senhora das gra\u00e7as com zirc\u00f4nias, banhado a ouro18k.<\/p>\n","protected":false},"featured_media":6701,"template":"","meta":[],"product_brand":[],"product_cat":[46],"product_tag":[85,72,62,54],"class_list":{"0":"post-6700","1":"product","2":"type-product","3":"status-publish","4":"has-post-thumbnail","6":"product_cat-colares","7":"product_tag-colar","8":"product_tag-cravejado","9":"product_tag-folheado","10":"product_tag-zirconia","12":"first","13":"outofstock","14":"shipping-taxable","15":"purchasable","16":"product-type-simple"},"aioseo_notices":[],"_links":{"self":[{"href":"https:\/\/www.flacunhasemijoias.com.br\/loja\/wp-json\/wp\/v2\/product\/6700","targetHints":{"allow":["GET"]}}],"collection":[{"href":"https:\/\/www.flacunhasemijoias.com.br\/loja\/wp-json\/wp\/v2\/product"}],"about":[{"href":"https:\/\/www.flacunhasemijoias.com.br\/loja\/wp-json\/wp\/v2\/types\/product"}],"wp:featuredmedia":[{"embeddable":true,"href":"https:\/\/www.flacunhasemijoias.com.br\/loja\/wp-json\/wp\/v2\/media\/6701"}],"wp:attachment":[{"href":"https:\/\/www.flacunhasemijoias.com.br\/loja\/wp-json\/wp\/v2\/media?parent=6700"}],"wp:term":[{"taxonomy":"product_brand","embeddable":true,"href":"https:\/\/www.flacunhasemijoias.com.br\/loja\/wp-json\/wp\/v2\/product_brand?post=6700"},{"taxonomy":"product_cat","embeddable":true,"href":"https:\/\/www.flacunhasemijoias.com.br\/loja\/wp-json\/wp\/v2\/product_cat?post=6700"},{"taxonomy":"product_tag","embeddable":true,"href":"https:\/\/www.flacunhasemijoias.com.br\/loja\/wp-json\/wp\/v2\/product_tag?post=6700"}],"curies":[{"name":"wp","href":"https:\/\/api.w.org\/{rel}","templated":true}]}}