{"id":6762,"date":"2025-12-02T12:58:11","date_gmt":"2025-12-02T15:58:11","guid":{"rendered":"https:\/\/www.flacunhasemijoias.com.br\/loja\/?post_type=product&#038;p=6762"},"modified":"2026-02-10T14:08:03","modified_gmt":"2026-02-10T17:08:03","slug":"colar-zirconia-azul-banhado-a-ouro-18k","status":"publish","type":"product","link":"https:\/\/www.flacunhasemijoias.com.br\/loja\/produto\/colar-zirconia-azul-banhado-a-ouro-18k\/","title":{"rendered":"Colar Zirc\u00f4nia Azul Banhado a Ouro 18k"},"content":{"rendered":"<p>Colar zirc\u00f4nia azul cravejado com zirc\u00f4nias brancas ao redor, banhado a ouro18k.<\/p>\n","protected":false},"excerpt":{"rendered":"<p>Colar zirc\u00f4nia azul cravejado com zirc\u00f4nias brancas ao redor, banhado a ouro18k.<\/p>\n","protected":false},"featured_media":6763,"template":"","meta":[],"product_brand":[],"product_cat":[46],"product_tag":[85,72,62,54,161],"class_list":{"0":"post-6762","1":"product","2":"type-product","3":"status-publish","4":"has-post-thumbnail","6":"product_cat-colares","7":"product_tag-colar","8":"product_tag-cravejado","9":"product_tag-folheado","10":"product_tag-zirconia","11":"product_tag-zirconia-azul","13":"first","14":"outofstock","15":"shipping-taxable","16":"purchasable","17":"product-type-simple"},"aioseo_notices":[],"_links":{"self":[{"href":"https:\/\/www.flacunhasemijoias.com.br\/loja\/wp-json\/wp\/v2\/product\/6762","targetHints":{"allow":["GET"]}}],"collection":[{"href":"https:\/\/www.flacunhasemijoias.com.br\/loja\/wp-json\/wp\/v2\/product"}],"about":[{"href":"https:\/\/www.flacunhasemijoias.com.br\/loja\/wp-json\/wp\/v2\/types\/product"}],"wp:featuredmedia":[{"embeddable":true,"href":"https:\/\/www.flacunhasemijoias.com.br\/loja\/wp-json\/wp\/v2\/media\/6763"}],"wp:attachment":[{"href":"https:\/\/www.flacunhasemijoias.com.br\/loja\/wp-json\/wp\/v2\/media?parent=6762"}],"wp:term":[{"taxonomy":"product_brand","embeddable":true,"href":"https:\/\/www.flacunhasemijoias.com.br\/loja\/wp-json\/wp\/v2\/product_brand?post=6762"},{"taxonomy":"product_cat","embeddable":true,"href":"https:\/\/www.flacunhasemijoias.com.br\/loja\/wp-json\/wp\/v2\/product_cat?post=6762"},{"taxonomy":"product_tag","embeddable":true,"href":"https:\/\/www.flacunhasemijoias.com.br\/loja\/wp-json\/wp\/v2\/product_tag?post=6762"}],"curies":[{"name":"wp","href":"https:\/\/api.w.org\/{rel}","templated":true}]}}