{"id":6765,"date":"2025-12-02T14:45:00","date_gmt":"2025-12-02T17:45:00","guid":{"rendered":"https:\/\/www.flacunhasemijoias.com.br\/loja\/?post_type=product&#038;p=6765"},"modified":"2025-12-02T14:45:01","modified_gmt":"2025-12-02T17:45:01","slug":"brinco-5-petalas-com-zirconias-brancas-em-prata-925","status":"publish","type":"product","link":"https:\/\/www.flacunhasemijoias.com.br\/loja\/produto\/brinco-5-petalas-com-zirconias-brancas-em-prata-925\/","title":{"rendered":"Brinco 5 P\u00e9talas com Zirc\u00f4nias Brancas em Prata 925."},"content":{"rendered":"<p>Brinco 5 p\u00e9talas cravejada de zirc\u00f4nias brancas, em prata 925.<\/p>\n","protected":false},"excerpt":{"rendered":"<p>Brinco 5 p\u00e9talas cravejada de zirc\u00f4nias brancas, em prata 925.<\/p>\n","protected":false},"featured_media":6766,"template":"","meta":[],"product_brand":[],"product_cat":[45],"product_tag":[66,72,117,141,54],"class_list":{"0":"post-6765","1":"product","2":"type-product","3":"status-publish","4":"has-post-thumbnail","6":"product_cat-brincos","7":"product_tag-brinco","8":"product_tag-cravejado","9":"product_tag-flor","10":"product_tag-prata-925","11":"product_tag-zirconia","13":"first","14":"instock","15":"shipping-taxable","16":"purchasable","17":"product-type-simple"},"aioseo_notices":[],"_links":{"self":[{"href":"https:\/\/www.flacunhasemijoias.com.br\/loja\/wp-json\/wp\/v2\/product\/6765","targetHints":{"allow":["GET"]}}],"collection":[{"href":"https:\/\/www.flacunhasemijoias.com.br\/loja\/wp-json\/wp\/v2\/product"}],"about":[{"href":"https:\/\/www.flacunhasemijoias.com.br\/loja\/wp-json\/wp\/v2\/types\/product"}],"wp:featuredmedia":[{"embeddable":true,"href":"https:\/\/www.flacunhasemijoias.com.br\/loja\/wp-json\/wp\/v2\/media\/6766"}],"wp:attachment":[{"href":"https:\/\/www.flacunhasemijoias.com.br\/loja\/wp-json\/wp\/v2\/media?parent=6765"}],"wp:term":[{"taxonomy":"product_brand","embeddable":true,"href":"https:\/\/www.flacunhasemijoias.com.br\/loja\/wp-json\/wp\/v2\/product_brand?post=6765"},{"taxonomy":"product_cat","embeddable":true,"href":"https:\/\/www.flacunhasemijoias.com.br\/loja\/wp-json\/wp\/v2\/product_cat?post=6765"},{"taxonomy":"product_tag","embeddable":true,"href":"https:\/\/www.flacunhasemijoias.com.br\/loja\/wp-json\/wp\/v2\/product_tag?post=6765"}],"curies":[{"name":"wp","href":"https:\/\/api.w.org\/{rel}","templated":true}]}}