{"id":6800,"date":"2025-12-03T16:31:02","date_gmt":"2025-12-03T19:31:02","guid":{"rendered":"https:\/\/www.flacunhasemijoias.com.br\/loja\/?post_type=product&#038;p=6800"},"modified":"2026-02-07T09:49:35","modified_gmt":"2026-02-07T12:49:35","slug":"pulseira-ursinho-aco-cirurgico","status":"publish","type":"product","link":"https:\/\/www.flacunhasemijoias.com.br\/loja\/produto\/pulseira-ursinho-aco-cirurgico\/","title":{"rendered":"Pulseira Ursinho Cravejado de Zirc\u00f4nias em A\u00e7o"},"content":{"rendered":"<p>Pulseira de a\u00e7o cir\u00fargico com pingente de ursinho.<\/p>\n","protected":false},"excerpt":{"rendered":"<p>Pulseira de a\u00e7o cir\u00fargico com pingente de ursinho.<\/p>\n","protected":false},"featured_media":6801,"template":"","meta":[],"product_brand":[],"product_cat":[47],"product_tag":[367,128,73,366,54],"class_list":{"0":"post-6800","1":"product","2":"type-product","3":"status-publish","4":"has-post-thumbnail","6":"product_cat-pulseiras","7":"product_tag-aco","8":"product_tag-cravejada","9":"product_tag-pulseira","10":"product_tag-ursinho","11":"product_tag-zirconia","13":"first","14":"instock","15":"shipping-taxable","16":"purchasable","17":"product-type-simple"},"aioseo_notices":[],"_links":{"self":[{"href":"https:\/\/www.flacunhasemijoias.com.br\/loja\/wp-json\/wp\/v2\/product\/6800","targetHints":{"allow":["GET"]}}],"collection":[{"href":"https:\/\/www.flacunhasemijoias.com.br\/loja\/wp-json\/wp\/v2\/product"}],"about":[{"href":"https:\/\/www.flacunhasemijoias.com.br\/loja\/wp-json\/wp\/v2\/types\/product"}],"wp:featuredmedia":[{"embeddable":true,"href":"https:\/\/www.flacunhasemijoias.com.br\/loja\/wp-json\/wp\/v2\/media\/6801"}],"wp:attachment":[{"href":"https:\/\/www.flacunhasemijoias.com.br\/loja\/wp-json\/wp\/v2\/media?parent=6800"}],"wp:term":[{"taxonomy":"product_brand","embeddable":true,"href":"https:\/\/www.flacunhasemijoias.com.br\/loja\/wp-json\/wp\/v2\/product_brand?post=6800"},{"taxonomy":"product_cat","embeddable":true,"href":"https:\/\/www.flacunhasemijoias.com.br\/loja\/wp-json\/wp\/v2\/product_cat?post=6800"},{"taxonomy":"product_tag","embeddable":true,"href":"https:\/\/www.flacunhasemijoias.com.br\/loja\/wp-json\/wp\/v2\/product_tag?post=6800"}],"curies":[{"name":"wp","href":"https:\/\/api.w.org\/{rel}","templated":true}]}}