{"id":6835,"date":"2025-12-11T16:13:17","date_gmt":"2025-12-11T19:13:17","guid":{"rendered":"https:\/\/www.flacunhasemijoias.com.br\/loja\/?post_type=product&#038;p=6835"},"modified":"2025-12-11T16:13:18","modified_gmt":"2025-12-11T19:13:18","slug":"brinco-triangulo-zirconia-azul-em-rodio-branco","status":"publish","type":"product","link":"https:\/\/www.flacunhasemijoias.com.br\/loja\/produto\/brinco-triangulo-zirconia-azul-em-rodio-branco\/","title":{"rendered":"Brinco Triangulo Zirc\u00f4nia Azul em R\u00f3dio Branco"},"content":{"rendered":"<p>Brinco triangulo zirc\u00f4nia azul, em r\u00f3dio branco.<\/p>\n","protected":false},"excerpt":{"rendered":"<p>Brinco triangulo zirc\u00f4nia azul, em r\u00f3dio branco.<\/p>\n","protected":false},"featured_media":6836,"template":"","meta":[],"product_brand":[],"product_cat":[45],"product_tag":[66,160,161],"class_list":{"0":"post-6835","1":"product","2":"type-product","3":"status-publish","4":"has-post-thumbnail","6":"product_cat-brincos","7":"product_tag-brinco","8":"product_tag-rodio-branco","9":"product_tag-zirconia-azul","11":"first","12":"instock","13":"shipping-taxable","14":"purchasable","15":"product-type-simple"},"aioseo_notices":[],"_links":{"self":[{"href":"https:\/\/www.flacunhasemijoias.com.br\/loja\/wp-json\/wp\/v2\/product\/6835","targetHints":{"allow":["GET"]}}],"collection":[{"href":"https:\/\/www.flacunhasemijoias.com.br\/loja\/wp-json\/wp\/v2\/product"}],"about":[{"href":"https:\/\/www.flacunhasemijoias.com.br\/loja\/wp-json\/wp\/v2\/types\/product"}],"wp:featuredmedia":[{"embeddable":true,"href":"https:\/\/www.flacunhasemijoias.com.br\/loja\/wp-json\/wp\/v2\/media\/6836"}],"wp:attachment":[{"href":"https:\/\/www.flacunhasemijoias.com.br\/loja\/wp-json\/wp\/v2\/media?parent=6835"}],"wp:term":[{"taxonomy":"product_brand","embeddable":true,"href":"https:\/\/www.flacunhasemijoias.com.br\/loja\/wp-json\/wp\/v2\/product_brand?post=6835"},{"taxonomy":"product_cat","embeddable":true,"href":"https:\/\/www.flacunhasemijoias.com.br\/loja\/wp-json\/wp\/v2\/product_cat?post=6835"},{"taxonomy":"product_tag","embeddable":true,"href":"https:\/\/www.flacunhasemijoias.com.br\/loja\/wp-json\/wp\/v2\/product_tag?post=6835"}],"curies":[{"name":"wp","href":"https:\/\/api.w.org\/{rel}","templated":true}]}}