{"id":6889,"date":"2025-12-13T12:38:46","date_gmt":"2025-12-13T15:38:46","guid":{"rendered":"https:\/\/www.flacunhasemijoias.com.br\/loja\/?post_type=product&#038;p=6889"},"modified":"2025-12-17T14:56:00","modified_gmt":"2025-12-17T17:56:00","slug":"colar-zirconia-rutilo-e-quartzo-fume-banhado-a-ouro18k","status":"publish","type":"product","link":"https:\/\/www.flacunhasemijoias.com.br\/loja\/produto\/colar-zirconia-rutilo-e-quartzo-fume-banhado-a-ouro18k\/","title":{"rendered":"Colar Zirc\u00f4nia R\u00fatilo e Quartzo Fume banhado a Ouro18k"},"content":{"rendered":"<p>Colar zirc\u00f4nia r\u00fatilo e quartzo fume, banhado a ouro18k.<\/p>\n","protected":false},"excerpt":{"rendered":"<p>Colar zirc\u00f4nia r\u00fatilo e quartzo fume, banhado a ouro18k.<\/p>\n","protected":false},"featured_media":6890,"template":"","meta":[],"product_brand":[],"product_cat":[46],"product_tag":[85,62,368,58,268,369],"class_list":{"0":"post-6889","1":"product","2":"type-product","3":"status-publish","4":"has-post-thumbnail","6":"product_cat-colares","7":"product_tag-colar","8":"product_tag-folheado","9":"product_tag-peixe","10":"product_tag-perola","11":"product_tag-quartzo-fume","12":"product_tag-zirconia-rutilo","14":"first","15":"outofstock","16":"shipping-taxable","17":"purchasable","18":"product-type-simple"},"aioseo_notices":[],"_links":{"self":[{"href":"https:\/\/www.flacunhasemijoias.com.br\/loja\/wp-json\/wp\/v2\/product\/6889","targetHints":{"allow":["GET"]}}],"collection":[{"href":"https:\/\/www.flacunhasemijoias.com.br\/loja\/wp-json\/wp\/v2\/product"}],"about":[{"href":"https:\/\/www.flacunhasemijoias.com.br\/loja\/wp-json\/wp\/v2\/types\/product"}],"wp:featuredmedia":[{"embeddable":true,"href":"https:\/\/www.flacunhasemijoias.com.br\/loja\/wp-json\/wp\/v2\/media\/6890"}],"wp:attachment":[{"href":"https:\/\/www.flacunhasemijoias.com.br\/loja\/wp-json\/wp\/v2\/media?parent=6889"}],"wp:term":[{"taxonomy":"product_brand","embeddable":true,"href":"https:\/\/www.flacunhasemijoias.com.br\/loja\/wp-json\/wp\/v2\/product_brand?post=6889"},{"taxonomy":"product_cat","embeddable":true,"href":"https:\/\/www.flacunhasemijoias.com.br\/loja\/wp-json\/wp\/v2\/product_cat?post=6889"},{"taxonomy":"product_tag","embeddable":true,"href":"https:\/\/www.flacunhasemijoias.com.br\/loja\/wp-json\/wp\/v2\/product_tag?post=6889"}],"curies":[{"name":"wp","href":"https:\/\/api.w.org\/{rel}","templated":true}]}}