{"id":6905,"date":"2025-12-13T15:13:26","date_gmt":"2025-12-13T18:13:26","guid":{"rendered":"https:\/\/www.flacunhasemijoias.com.br\/loja\/?post_type=product&#038;p=6905"},"modified":"2025-12-13T15:13:27","modified_gmt":"2025-12-13T18:13:27","slug":"pin-menina-cravejada-de-zirconia-branca-em-rodio-branco","status":"publish","type":"product","link":"https:\/\/www.flacunhasemijoias.com.br\/loja\/produto\/pin-menina-cravejada-de-zirconia-branca-em-rodio-branco\/","title":{"rendered":"Pin Menina Cravejada de Zirc\u00f4nia Branca em R\u00f3dio Branco"},"content":{"rendered":"<p>Pin menina cravejada de zirc\u00f4nia branca, em r\u00f3dio branco.<\/p>\n","protected":false},"excerpt":{"rendered":"<p>Pin menina cravejada de zirc\u00f4nia branca, em r\u00f3dio branco.<\/p>\n","protected":false},"featured_media":0,"template":"","meta":[],"product_brand":[],"product_cat":[371],"product_tag":[72,374,372,54],"class_list":{"0":"post-6905","1":"product","2":"type-product","3":"status-publish","5":"product_cat-pins","6":"product_tag-cravejado","7":"product_tag-menina","8":"product_tag-pin","9":"product_tag-zirconia","11":"first","12":"outofstock","13":"shipping-taxable","14":"purchasable","15":"product-type-simple"},"aioseo_notices":[],"_links":{"self":[{"href":"https:\/\/www.flacunhasemijoias.com.br\/loja\/wp-json\/wp\/v2\/product\/6905","targetHints":{"allow":["GET"]}}],"collection":[{"href":"https:\/\/www.flacunhasemijoias.com.br\/loja\/wp-json\/wp\/v2\/product"}],"about":[{"href":"https:\/\/www.flacunhasemijoias.com.br\/loja\/wp-json\/wp\/v2\/types\/product"}],"wp:attachment":[{"href":"https:\/\/www.flacunhasemijoias.com.br\/loja\/wp-json\/wp\/v2\/media?parent=6905"}],"wp:term":[{"taxonomy":"product_brand","embeddable":true,"href":"https:\/\/www.flacunhasemijoias.com.br\/loja\/wp-json\/wp\/v2\/product_brand?post=6905"},{"taxonomy":"product_cat","embeddable":true,"href":"https:\/\/www.flacunhasemijoias.com.br\/loja\/wp-json\/wp\/v2\/product_cat?post=6905"},{"taxonomy":"product_tag","embeddable":true,"href":"https:\/\/www.flacunhasemijoias.com.br\/loja\/wp-json\/wp\/v2\/product_tag?post=6905"}],"curies":[{"name":"wp","href":"https:\/\/api.w.org\/{rel}","templated":true}]}}