{"id":6910,"date":"2025-12-13T15:31:03","date_gmt":"2025-12-13T18:31:03","guid":{"rendered":"https:\/\/www.flacunhasemijoias.com.br\/loja\/?post_type=product&#038;p=6910"},"modified":"2026-02-07T16:42:47","modified_gmt":"2026-02-07T19:42:47","slug":"pin-gota-zirconia-verde-em-rodio-branco","status":"publish","type":"product","link":"https:\/\/www.flacunhasemijoias.com.br\/loja\/produto\/pin-gota-zirconia-verde-em-rodio-branco\/","title":{"rendered":"Pin Gota Zirc\u00f4nia Verde em R\u00f3dio Branco"},"content":{"rendered":"<p>Pin gota zirc\u00f4nia verde cravejada de zirc\u00f4nia branca ao redor, em r\u00f3dio branco.<\/p>\n","protected":false},"excerpt":{"rendered":"<p>Pin gota zirc\u00f4nia verde cravejada de zirc\u00f4nia branca ao redor, em r\u00f3dio branco.<\/p>\n","protected":false},"featured_media":6911,"template":"","meta":[],"product_brand":[],"product_cat":[371],"product_tag":[72,139,54,332],"class_list":{"0":"post-6910","1":"product","2":"type-product","3":"status-publish","4":"has-post-thumbnail","6":"product_cat-pins","7":"product_tag-cravejado","8":"product_tag-gota","9":"product_tag-zirconia","10":"product_tag-zirconia-verde","12":"first","13":"instock","14":"shipping-taxable","15":"purchasable","16":"product-type-simple"},"aioseo_notices":[],"_links":{"self":[{"href":"https:\/\/www.flacunhasemijoias.com.br\/loja\/wp-json\/wp\/v2\/product\/6910","targetHints":{"allow":["GET"]}}],"collection":[{"href":"https:\/\/www.flacunhasemijoias.com.br\/loja\/wp-json\/wp\/v2\/product"}],"about":[{"href":"https:\/\/www.flacunhasemijoias.com.br\/loja\/wp-json\/wp\/v2\/types\/product"}],"wp:featuredmedia":[{"embeddable":true,"href":"https:\/\/www.flacunhasemijoias.com.br\/loja\/wp-json\/wp\/v2\/media\/6911"}],"wp:attachment":[{"href":"https:\/\/www.flacunhasemijoias.com.br\/loja\/wp-json\/wp\/v2\/media?parent=6910"}],"wp:term":[{"taxonomy":"product_brand","embeddable":true,"href":"https:\/\/www.flacunhasemijoias.com.br\/loja\/wp-json\/wp\/v2\/product_brand?post=6910"},{"taxonomy":"product_cat","embeddable":true,"href":"https:\/\/www.flacunhasemijoias.com.br\/loja\/wp-json\/wp\/v2\/product_cat?post=6910"},{"taxonomy":"product_tag","embeddable":true,"href":"https:\/\/www.flacunhasemijoias.com.br\/loja\/wp-json\/wp\/v2\/product_tag?post=6910"}],"curies":[{"name":"wp","href":"https:\/\/api.w.org\/{rel}","templated":true}]}}