{"id":6912,"date":"2025-12-13T15:39:59","date_gmt":"2025-12-13T18:39:59","guid":{"rendered":"https:\/\/www.flacunhasemijoias.com.br\/loja\/?post_type=product&#038;p=6912"},"modified":"2026-02-07T09:40:39","modified_gmt":"2026-02-07T12:40:39","slug":"pin-coracao-zirconia-negra-em-rodio-branco","status":"publish","type":"product","link":"https:\/\/www.flacunhasemijoias.com.br\/loja\/produto\/pin-coracao-zirconia-negra-em-rodio-branco\/","title":{"rendered":"Pin Cora\u00e7\u00e3o com Olho Grego em R\u00f3dio Branco"},"content":{"rendered":"<p>Pin cora\u00e7\u00e3o com olho grego e zirc\u00f4nias ao redor, em r\u00f3dio branco.<\/p>\n","protected":false},"excerpt":{"rendered":"<p>Pin cora\u00e7\u00e3o com olho grego e zirc\u00f4nias ao redor, em r\u00f3dio branco.<\/p>\n","protected":false},"featured_media":6914,"template":"","meta":[],"product_brand":[],"product_cat":[371],"product_tag":[113,72,372,160,54,78],"class_list":{"0":"post-6912","1":"product","2":"type-product","3":"status-publish","4":"has-post-thumbnail","6":"product_cat-pins","7":"product_tag-coracao","8":"product_tag-cravejado","9":"product_tag-pin","10":"product_tag-rodio-branco","11":"product_tag-zirconia","12":"product_tag-zirconia-negra","14":"first","15":"outofstock","16":"shipping-taxable","17":"purchasable","18":"product-type-simple"},"aioseo_notices":[],"_links":{"self":[{"href":"https:\/\/www.flacunhasemijoias.com.br\/loja\/wp-json\/wp\/v2\/product\/6912","targetHints":{"allow":["GET"]}}],"collection":[{"href":"https:\/\/www.flacunhasemijoias.com.br\/loja\/wp-json\/wp\/v2\/product"}],"about":[{"href":"https:\/\/www.flacunhasemijoias.com.br\/loja\/wp-json\/wp\/v2\/types\/product"}],"wp:featuredmedia":[{"embeddable":true,"href":"https:\/\/www.flacunhasemijoias.com.br\/loja\/wp-json\/wp\/v2\/media\/6914"}],"wp:attachment":[{"href":"https:\/\/www.flacunhasemijoias.com.br\/loja\/wp-json\/wp\/v2\/media?parent=6912"}],"wp:term":[{"taxonomy":"product_brand","embeddable":true,"href":"https:\/\/www.flacunhasemijoias.com.br\/loja\/wp-json\/wp\/v2\/product_brand?post=6912"},{"taxonomy":"product_cat","embeddable":true,"href":"https:\/\/www.flacunhasemijoias.com.br\/loja\/wp-json\/wp\/v2\/product_cat?post=6912"},{"taxonomy":"product_tag","embeddable":true,"href":"https:\/\/www.flacunhasemijoias.com.br\/loja\/wp-json\/wp\/v2\/product_tag?post=6912"}],"curies":[{"name":"wp","href":"https:\/\/api.w.org\/{rel}","templated":true}]}}