{"id":6915,"date":"2025-12-16T11:40:40","date_gmt":"2025-12-16T14:40:40","guid":{"rendered":"https:\/\/www.flacunhasemijoias.com.br\/loja\/?post_type=product&#038;p=6915"},"modified":"2025-12-16T11:40:41","modified_gmt":"2025-12-16T14:40:41","slug":"pin-coracao-zirconia-negra-em-rodio-branco-2","status":"publish","type":"product","link":"https:\/\/www.flacunhasemijoias.com.br\/loja\/produto\/pin-coracao-zirconia-negra-em-rodio-branco-2\/","title":{"rendered":"Pin Cora\u00e7\u00e3o Zirc\u00f4nia Negra em R\u00f3dio Branco"},"content":{"rendered":"<p>Pin cora\u00e7\u00e3o zirc\u00f4nia negra cravejada de zirc\u00f4nias brancas ao redor, em r\u00f3dio branco.<\/p>\n","protected":false},"excerpt":{"rendered":"<p>Pin cora\u00e7\u00e3o zirc\u00f4nia negra cravejada de zirc\u00f4nias brancas ao redor, em r\u00f3dio branco.<\/p>\n","protected":false},"featured_media":6916,"template":"","meta":[],"product_brand":[],"product_cat":[371],"product_tag":[72,372,160,54,78],"class_list":{"0":"post-6915","1":"product","2":"type-product","3":"status-publish","4":"has-post-thumbnail","6":"product_cat-pins","7":"product_tag-cravejado","8":"product_tag-pin","9":"product_tag-rodio-branco","10":"product_tag-zirconia","11":"product_tag-zirconia-negra","13":"first","14":"instock","15":"shipping-taxable","16":"purchasable","17":"product-type-simple"},"aioseo_notices":[],"_links":{"self":[{"href":"https:\/\/www.flacunhasemijoias.com.br\/loja\/wp-json\/wp\/v2\/product\/6915","targetHints":{"allow":["GET"]}}],"collection":[{"href":"https:\/\/www.flacunhasemijoias.com.br\/loja\/wp-json\/wp\/v2\/product"}],"about":[{"href":"https:\/\/www.flacunhasemijoias.com.br\/loja\/wp-json\/wp\/v2\/types\/product"}],"wp:featuredmedia":[{"embeddable":true,"href":"https:\/\/www.flacunhasemijoias.com.br\/loja\/wp-json\/wp\/v2\/media\/6916"}],"wp:attachment":[{"href":"https:\/\/www.flacunhasemijoias.com.br\/loja\/wp-json\/wp\/v2\/media?parent=6915"}],"wp:term":[{"taxonomy":"product_brand","embeddable":true,"href":"https:\/\/www.flacunhasemijoias.com.br\/loja\/wp-json\/wp\/v2\/product_brand?post=6915"},{"taxonomy":"product_cat","embeddable":true,"href":"https:\/\/www.flacunhasemijoias.com.br\/loja\/wp-json\/wp\/v2\/product_cat?post=6915"},{"taxonomy":"product_tag","embeddable":true,"href":"https:\/\/www.flacunhasemijoias.com.br\/loja\/wp-json\/wp\/v2\/product_tag?post=6915"}],"curies":[{"name":"wp","href":"https:\/\/api.w.org\/{rel}","templated":true}]}}