{"id":6919,"date":"2025-12-16T11:59:01","date_gmt":"2025-12-16T14:59:01","guid":{"rendered":"https:\/\/www.flacunhasemijoias.com.br\/loja\/?post_type=product&#038;p=6919"},"modified":"2026-01-23T10:38:45","modified_gmt":"2026-01-23T13:38:45","slug":"pin-gota-zirconia-azul-em-rodio-branco","status":"publish","type":"product","link":"https:\/\/www.flacunhasemijoias.com.br\/loja\/produto\/pin-gota-zirconia-azul-em-rodio-branco\/","title":{"rendered":"Pin Gota Zirc\u00f4nia Azul Em R\u00f3dio Branco"},"content":{"rendered":"<p>Pin gota zirc\u00f4nia azul cravejado de zirc\u00f4nias brancas ao redor, em r\u00f3dio branco.<\/p>\n","protected":false},"excerpt":{"rendered":"<p>Pin gota zirc\u00f4nia azul cravejado de zirc\u00f4nias brancas ao redor, em r\u00f3dio branco.<\/p>\n","protected":false},"featured_media":6920,"template":"","meta":[],"product_brand":[],"product_cat":[371],"product_tag":[72,372,160,54,161],"class_list":{"0":"post-6919","1":"product","2":"type-product","3":"status-publish","4":"has-post-thumbnail","6":"product_cat-pins","7":"product_tag-cravejado","8":"product_tag-pin","9":"product_tag-rodio-branco","10":"product_tag-zirconia","11":"product_tag-zirconia-azul","13":"first","14":"outofstock","15":"shipping-taxable","16":"purchasable","17":"product-type-simple"},"aioseo_notices":[],"_links":{"self":[{"href":"https:\/\/www.flacunhasemijoias.com.br\/loja\/wp-json\/wp\/v2\/product\/6919","targetHints":{"allow":["GET"]}}],"collection":[{"href":"https:\/\/www.flacunhasemijoias.com.br\/loja\/wp-json\/wp\/v2\/product"}],"about":[{"href":"https:\/\/www.flacunhasemijoias.com.br\/loja\/wp-json\/wp\/v2\/types\/product"}],"wp:featuredmedia":[{"embeddable":true,"href":"https:\/\/www.flacunhasemijoias.com.br\/loja\/wp-json\/wp\/v2\/media\/6920"}],"wp:attachment":[{"href":"https:\/\/www.flacunhasemijoias.com.br\/loja\/wp-json\/wp\/v2\/media?parent=6919"}],"wp:term":[{"taxonomy":"product_brand","embeddable":true,"href":"https:\/\/www.flacunhasemijoias.com.br\/loja\/wp-json\/wp\/v2\/product_brand?post=6919"},{"taxonomy":"product_cat","embeddable":true,"href":"https:\/\/www.flacunhasemijoias.com.br\/loja\/wp-json\/wp\/v2\/product_cat?post=6919"},{"taxonomy":"product_tag","embeddable":true,"href":"https:\/\/www.flacunhasemijoias.com.br\/loja\/wp-json\/wp\/v2\/product_tag?post=6919"}],"curies":[{"name":"wp","href":"https:\/\/api.w.org\/{rel}","templated":true}]}}