{"id":6970,"date":"2026-01-17T15:28:17","date_gmt":"2026-01-17T18:28:17","guid":{"rendered":"https:\/\/www.flacunhasemijoias.com.br\/loja\/?post_type=product&#038;p=6970"},"modified":"2026-02-11T13:33:28","modified_gmt":"2026-02-11T16:33:28","slug":"colar-riviera-em-rodio","status":"publish","type":"product","link":"https:\/\/www.flacunhasemijoias.com.br\/loja\/produto\/colar-riviera-em-rodio\/","title":{"rendered":"Colar Riviera em R\u00f3dio."},"content":{"rendered":"<p>Colar riviera, com 40cm de comprimento, crava\u00e7\u00e3o de 2mm com 4 pontos, em r\u00f3dio.<\/p>\n","protected":false},"excerpt":{"rendered":"<p>Colar riviera, com 40cm de comprimento, crava\u00e7\u00e3o de 2mm com 4 pontos, em r\u00f3dio.<\/p>\n","protected":false},"featured_media":7030,"template":"","meta":[],"product_brand":[],"product_cat":[46],"product_tag":[85,122,160],"class_list":{"0":"post-6970","1":"product","2":"type-product","3":"status-publish","4":"has-post-thumbnail","6":"product_cat-colares","7":"product_tag-colar","8":"product_tag-riviera","9":"product_tag-rodio-branco","11":"first","12":"instock","13":"shipping-taxable","14":"purchasable","15":"product-type-simple"},"aioseo_notices":[],"_links":{"self":[{"href":"https:\/\/www.flacunhasemijoias.com.br\/loja\/wp-json\/wp\/v2\/product\/6970","targetHints":{"allow":["GET"]}}],"collection":[{"href":"https:\/\/www.flacunhasemijoias.com.br\/loja\/wp-json\/wp\/v2\/product"}],"about":[{"href":"https:\/\/www.flacunhasemijoias.com.br\/loja\/wp-json\/wp\/v2\/types\/product"}],"wp:featuredmedia":[{"embeddable":true,"href":"https:\/\/www.flacunhasemijoias.com.br\/loja\/wp-json\/wp\/v2\/media\/7030"}],"wp:attachment":[{"href":"https:\/\/www.flacunhasemijoias.com.br\/loja\/wp-json\/wp\/v2\/media?parent=6970"}],"wp:term":[{"taxonomy":"product_brand","embeddable":true,"href":"https:\/\/www.flacunhasemijoias.com.br\/loja\/wp-json\/wp\/v2\/product_brand?post=6970"},{"taxonomy":"product_cat","embeddable":true,"href":"https:\/\/www.flacunhasemijoias.com.br\/loja\/wp-json\/wp\/v2\/product_cat?post=6970"},{"taxonomy":"product_tag","embeddable":true,"href":"https:\/\/www.flacunhasemijoias.com.br\/loja\/wp-json\/wp\/v2\/product_tag?post=6970"}],"curies":[{"name":"wp","href":"https:\/\/api.w.org\/{rel}","templated":true}]}}