{"id":6972,"date":"2026-01-17T15:03:13","date_gmt":"2026-01-17T18:03:13","guid":{"rendered":"https:\/\/www.flacunhasemijoias.com.br\/loja\/?post_type=product&#038;p=6972"},"modified":"2026-02-12T14:03:29","modified_gmt":"2026-02-12T17:03:29","slug":"colar-riviera-com-zirconia-rosa-e-pingentes-de-borboletas-em-rodio","status":"publish","type":"product","link":"https:\/\/www.flacunhasemijoias.com.br\/loja\/produto\/colar-riviera-com-zirconia-rosa-e-pingentes-de-borboletas-em-rodio\/","title":{"rendered":"Colar Riviera com Zirc\u00f4nia Rosa e Pingentes de Borboletas em R\u00f3dio"},"content":{"rendered":"<p>Colar riviera 4 pontos e crava\u00e7\u00e3o de 4mm, com zirc\u00f4nia rosa e pingentes de borboletas, em R\u00f3dio. Com 40cm de comprimento.<\/p>\n","protected":false},"excerpt":{"rendered":"<p>Colar riviera 4 pontos e crava\u00e7\u00e3o de 4mm, com zirc\u00f4nia rosa e pingentes de borboletas, em R\u00f3dio. Com 40cm de comprimento.<\/p>\n","protected":false},"featured_media":7029,"template":"","meta":[],"product_brand":[],"product_cat":[46],"product_tag":[85,397,122,160,274],"class_list":{"0":"post-6972","1":"product","2":"type-product","3":"status-publish","4":"has-post-thumbnail","6":"product_cat-colares","7":"product_tag-colar","8":"product_tag-pingente-borboleta","9":"product_tag-riviera","10":"product_tag-rodio-branco","11":"product_tag-zirconia-rosa","13":"first","14":"instock","15":"shipping-taxable","16":"purchasable","17":"product-type-simple"},"aioseo_notices":[],"_links":{"self":[{"href":"https:\/\/www.flacunhasemijoias.com.br\/loja\/wp-json\/wp\/v2\/product\/6972","targetHints":{"allow":["GET"]}}],"collection":[{"href":"https:\/\/www.flacunhasemijoias.com.br\/loja\/wp-json\/wp\/v2\/product"}],"about":[{"href":"https:\/\/www.flacunhasemijoias.com.br\/loja\/wp-json\/wp\/v2\/types\/product"}],"wp:featuredmedia":[{"embeddable":true,"href":"https:\/\/www.flacunhasemijoias.com.br\/loja\/wp-json\/wp\/v2\/media\/7029"}],"wp:attachment":[{"href":"https:\/\/www.flacunhasemijoias.com.br\/loja\/wp-json\/wp\/v2\/media?parent=6972"}],"wp:term":[{"taxonomy":"product_brand","embeddable":true,"href":"https:\/\/www.flacunhasemijoias.com.br\/loja\/wp-json\/wp\/v2\/product_brand?post=6972"},{"taxonomy":"product_cat","embeddable":true,"href":"https:\/\/www.flacunhasemijoias.com.br\/loja\/wp-json\/wp\/v2\/product_cat?post=6972"},{"taxonomy":"product_tag","embeddable":true,"href":"https:\/\/www.flacunhasemijoias.com.br\/loja\/wp-json\/wp\/v2\/product_tag?post=6972"}],"curies":[{"name":"wp","href":"https:\/\/api.w.org\/{rel}","templated":true}]}}