{"id":6984,"date":"2026-02-03T16:27:08","date_gmt":"2026-02-03T19:27:08","guid":{"rendered":"https:\/\/www.flacunhasemijoias.com.br\/loja\/?post_type=product&#038;p=6984"},"modified":"2026-03-13T11:50:44","modified_gmt":"2026-03-13T14:50:44","slug":"brinco-gancho-organico-com-micro-zirconias-banhado-a-ouro18k","status":"publish","type":"product","link":"https:\/\/www.flacunhasemijoias.com.br\/loja\/produto\/brinco-gancho-organico-com-micro-zirconias-banhado-a-ouro18k\/","title":{"rendered":"Brinco Gancho Org\u00e2nico com Micro Zirc\u00f4nias Banhado a Ouro18k."},"content":{"rendered":"<p>Brinco gancho org\u00e2nico com micro zirc\u00f4nias, banhado a ouro18k.<\/p>\n","protected":false},"excerpt":{"rendered":"<p>Brinco gancho org\u00e2nico com micro zirc\u00f4nias, banhado a ouro18k.<\/p>\n","protected":false},"featured_media":7167,"template":"","meta":[],"product_brand":[],"product_cat":[45],"product_tag":[66,72,62,54],"class_list":{"0":"post-6984","1":"product","2":"type-product","3":"status-publish","4":"has-post-thumbnail","6":"product_cat-brincos","7":"product_tag-brinco","8":"product_tag-cravejado","9":"product_tag-folheado","10":"product_tag-zirconia","12":"first","13":"outofstock","14":"shipping-taxable","15":"purchasable","16":"product-type-simple"},"aioseo_notices":[],"_links":{"self":[{"href":"https:\/\/www.flacunhasemijoias.com.br\/loja\/wp-json\/wp\/v2\/product\/6984","targetHints":{"allow":["GET"]}}],"collection":[{"href":"https:\/\/www.flacunhasemijoias.com.br\/loja\/wp-json\/wp\/v2\/product"}],"about":[{"href":"https:\/\/www.flacunhasemijoias.com.br\/loja\/wp-json\/wp\/v2\/types\/product"}],"wp:featuredmedia":[{"embeddable":true,"href":"https:\/\/www.flacunhasemijoias.com.br\/loja\/wp-json\/wp\/v2\/media\/7167"}],"wp:attachment":[{"href":"https:\/\/www.flacunhasemijoias.com.br\/loja\/wp-json\/wp\/v2\/media?parent=6984"}],"wp:term":[{"taxonomy":"product_brand","embeddable":true,"href":"https:\/\/www.flacunhasemijoias.com.br\/loja\/wp-json\/wp\/v2\/product_brand?post=6984"},{"taxonomy":"product_cat","embeddable":true,"href":"https:\/\/www.flacunhasemijoias.com.br\/loja\/wp-json\/wp\/v2\/product_cat?post=6984"},{"taxonomy":"product_tag","embeddable":true,"href":"https:\/\/www.flacunhasemijoias.com.br\/loja\/wp-json\/wp\/v2\/product_tag?post=6984"}],"curies":[{"name":"wp","href":"https:\/\/api.w.org\/{rel}","templated":true}]}}