{"id":7058,"date":"2026-01-16T17:25:27","date_gmt":"2026-01-16T20:25:27","guid":{"rendered":"https:\/\/www.flacunhasemijoias.com.br\/loja\/?post_type=product&#038;p=7058"},"modified":"2026-01-28T17:25:06","modified_gmt":"2026-01-28T20:25:06","slug":"colar-de-pedras-naturais-de-apatita-com-agua-marinha-banhado-a-ouro18k","status":"publish","type":"product","link":"https:\/\/www.flacunhasemijoias.com.br\/loja\/produto\/colar-de-pedras-naturais-de-apatita-com-agua-marinha-banhado-a-ouro18k\/","title":{"rendered":"Colar de Pedras Naturais de Apatita com \u00c1gua Marinha Banhado a Ouro18k"},"content":{"rendered":"<p>Colar de pedras naturais de apatita com \u00e1gua marinha, com pingente de \u00e1gua marinha com zirc\u00f4nias coloridas ao redor, banhado a ouro18k.<\/p>\n","protected":false},"excerpt":{"rendered":"<p>Colar de pedras naturais de apatita com \u00e1gua marinha, com pingente de \u00e1gua marinha com zirc\u00f4nias coloridas ao redor, banhado a ouro18k.<\/p>\n","protected":false},"featured_media":7017,"template":"","meta":[],"product_brand":[],"product_cat":[46],"product_tag":[89,229,385,85,316],"class_list":{"0":"post-7058","1":"product","2":"type-product","3":"status-publish","4":"has-post-thumbnail","6":"product_cat-colares","7":"product_tag-agua-marinha","8":"product_tag-apatita","9":"product_tag-banhado-a-ouro18k","10":"product_tag-colar","11":"product_tag-pedra-natural","13":"first","14":"outofstock","15":"shipping-taxable","16":"purchasable","17":"product-type-simple"},"aioseo_notices":[],"_links":{"self":[{"href":"https:\/\/www.flacunhasemijoias.com.br\/loja\/wp-json\/wp\/v2\/product\/7058","targetHints":{"allow":["GET"]}}],"collection":[{"href":"https:\/\/www.flacunhasemijoias.com.br\/loja\/wp-json\/wp\/v2\/product"}],"about":[{"href":"https:\/\/www.flacunhasemijoias.com.br\/loja\/wp-json\/wp\/v2\/types\/product"}],"wp:featuredmedia":[{"embeddable":true,"href":"https:\/\/www.flacunhasemijoias.com.br\/loja\/wp-json\/wp\/v2\/media\/7017"}],"wp:attachment":[{"href":"https:\/\/www.flacunhasemijoias.com.br\/loja\/wp-json\/wp\/v2\/media?parent=7058"}],"wp:term":[{"taxonomy":"product_brand","embeddable":true,"href":"https:\/\/www.flacunhasemijoias.com.br\/loja\/wp-json\/wp\/v2\/product_brand?post=7058"},{"taxonomy":"product_cat","embeddable":true,"href":"https:\/\/www.flacunhasemijoias.com.br\/loja\/wp-json\/wp\/v2\/product_cat?post=7058"},{"taxonomy":"product_tag","embeddable":true,"href":"https:\/\/www.flacunhasemijoias.com.br\/loja\/wp-json\/wp\/v2\/product_tag?post=7058"}],"curies":[{"name":"wp","href":"https:\/\/api.w.org\/{rel}","templated":true}]}}