{"id":7250,"date":"2026-02-05T12:26:51","date_gmt":"2026-02-05T15:26:51","guid":{"rendered":"https:\/\/www.flacunhasemijoias.com.br\/loja\/?post_type=product&#038;p=7250"},"modified":"2026-03-05T15:30:33","modified_gmt":"2026-03-05T18:30:33","slug":"colar-granada-com-patuas-banhado-a-ouro18k","status":"publish","type":"product","link":"https:\/\/www.flacunhasemijoias.com.br\/loja\/produto\/colar-granada-com-patuas-banhado-a-ouro18k\/","title":{"rendered":"Colar Granada com Patu\u00e1s Banhado a Ouro18k"},"content":{"rendered":"<p>Colar de pedra natural granada com pingentes de cora\u00e7\u00e3o, trevo de 4 folhas, cora\u00e7\u00e3o cravejado de zirc\u00f4nias, Esp\u00edrito Santo e medalha dos eua, banhado a ouro18k.<\/p>\n","protected":false},"excerpt":{"rendered":"<p>Colar de pedra natural granada com pingentes de cora\u00e7\u00e3o, trevo de 4 folhas, cora\u00e7\u00e3o cravejado de zirc\u00f4nias, Esp\u00edrito Santo e medalha dos eua, banhado a ouro18k.<\/p>\n","protected":false},"featured_media":7252,"template":"","meta":[],"product_brand":[],"product_cat":[46],"product_tag":[317,113,72,201,266,54],"class_list":{"0":"post-7250","1":"product","2":"type-product","3":"status-publish","4":"has-post-thumbnail","6":"product_cat-colares","7":"product_tag-banhado-ouro18k","8":"product_tag-coracao","9":"product_tag-cravejado","10":"product_tag-espirito-santo","11":"product_tag-trevo","12":"product_tag-zirconia","14":"first","15":"instock","16":"shipping-taxable","17":"purchasable","18":"product-type-simple"},"aioseo_notices":[],"_links":{"self":[{"href":"https:\/\/www.flacunhasemijoias.com.br\/loja\/wp-json\/wp\/v2\/product\/7250","targetHints":{"allow":["GET"]}}],"collection":[{"href":"https:\/\/www.flacunhasemijoias.com.br\/loja\/wp-json\/wp\/v2\/product"}],"about":[{"href":"https:\/\/www.flacunhasemijoias.com.br\/loja\/wp-json\/wp\/v2\/types\/product"}],"wp:featuredmedia":[{"embeddable":true,"href":"https:\/\/www.flacunhasemijoias.com.br\/loja\/wp-json\/wp\/v2\/media\/7252"}],"wp:attachment":[{"href":"https:\/\/www.flacunhasemijoias.com.br\/loja\/wp-json\/wp\/v2\/media?parent=7250"}],"wp:term":[{"taxonomy":"product_brand","embeddable":true,"href":"https:\/\/www.flacunhasemijoias.com.br\/loja\/wp-json\/wp\/v2\/product_brand?post=7250"},{"taxonomy":"product_cat","embeddable":true,"href":"https:\/\/www.flacunhasemijoias.com.br\/loja\/wp-json\/wp\/v2\/product_cat?post=7250"},{"taxonomy":"product_tag","embeddable":true,"href":"https:\/\/www.flacunhasemijoias.com.br\/loja\/wp-json\/wp\/v2\/product_tag?post=7250"}],"curies":[{"name":"wp","href":"https:\/\/api.w.org\/{rel}","templated":true}]}}