{"id":7275,"date":"2026-02-05T17:47:48","date_gmt":"2026-02-05T20:47:48","guid":{"rendered":"https:\/\/www.flacunhasemijoias.com.br\/loja\/?post_type=product&#038;p=7275"},"modified":"2026-02-06T14:07:28","modified_gmt":"2026-02-06T17:07:28","slug":"colar-quartzo-fume-banhado-a-ouro18k","status":"publish","type":"product","link":"https:\/\/www.flacunhasemijoias.com.br\/loja\/produto\/colar-quartzo-fume-banhado-a-ouro18k\/","title":{"rendered":"Colar Elos com Pingente de Quartzo Fum\u00ea Banhado a Ouro18k"},"content":{"rendered":"<p>Colar elos com pingente de pedra natural de quartzo fum\u00ea, cravejado de zirc\u00f4nias brancas, com 40cm de comprimento, banhado a ouro18k.<\/p>\n","protected":false},"excerpt":{"rendered":"<p>Colar elos com pingente de pedra natural de quartzo fum\u00ea, cravejado de zirc\u00f4nias brancas, com 40cm de comprimento, banhado a ouro18k.<\/p>\n","protected":false},"featured_media":7276,"template":"","meta":[],"product_brand":[],"product_cat":[46],"product_tag":[317,85,72,268,54],"class_list":{"0":"post-7275","1":"product","2":"type-product","3":"status-publish","4":"has-post-thumbnail","6":"product_cat-colares","7":"product_tag-banhado-ouro18k","8":"product_tag-colar","9":"product_tag-cravejado","10":"product_tag-quartzo-fume","11":"product_tag-zirconia","13":"first","14":"instock","15":"shipping-taxable","16":"purchasable","17":"product-type-simple"},"aioseo_notices":[],"_links":{"self":[{"href":"https:\/\/www.flacunhasemijoias.com.br\/loja\/wp-json\/wp\/v2\/product\/7275","targetHints":{"allow":["GET"]}}],"collection":[{"href":"https:\/\/www.flacunhasemijoias.com.br\/loja\/wp-json\/wp\/v2\/product"}],"about":[{"href":"https:\/\/www.flacunhasemijoias.com.br\/loja\/wp-json\/wp\/v2\/types\/product"}],"wp:featuredmedia":[{"embeddable":true,"href":"https:\/\/www.flacunhasemijoias.com.br\/loja\/wp-json\/wp\/v2\/media\/7276"}],"wp:attachment":[{"href":"https:\/\/www.flacunhasemijoias.com.br\/loja\/wp-json\/wp\/v2\/media?parent=7275"}],"wp:term":[{"taxonomy":"product_brand","embeddable":true,"href":"https:\/\/www.flacunhasemijoias.com.br\/loja\/wp-json\/wp\/v2\/product_brand?post=7275"},{"taxonomy":"product_cat","embeddable":true,"href":"https:\/\/www.flacunhasemijoias.com.br\/loja\/wp-json\/wp\/v2\/product_cat?post=7275"},{"taxonomy":"product_tag","embeddable":true,"href":"https:\/\/www.flacunhasemijoias.com.br\/loja\/wp-json\/wp\/v2\/product_tag?post=7275"}],"curies":[{"name":"wp","href":"https:\/\/api.w.org\/{rel}","templated":true}]}}