{"id":7278,"date":"2026-02-05T17:52:27","date_gmt":"2026-02-05T20:52:27","guid":{"rendered":"https:\/\/www.flacunhasemijoias.com.br\/loja\/?post_type=product&#038;p=7278"},"modified":"2026-02-06T14:14:37","modified_gmt":"2026-02-06T17:14:37","slug":"colar-rutilo-banhado-a-ouro18k","status":"publish","type":"product","link":"https:\/\/www.flacunhasemijoias.com.br\/loja\/produto\/colar-rutilo-banhado-a-ouro18k\/","title":{"rendered":"Colar Elos com Pingente de R\u00fatilo Banhado a Ouro18k"},"content":{"rendered":"<p>Colar elos, com pingente de pedra natural de r\u00fatilo, cravejado com zirc\u00f4nias brancas, com 40cm de comprimento, banhado a ouro18k.<\/p>\n","protected":false},"excerpt":{"rendered":"<p>Colar elos, com pingente de pedra natural de r\u00fatilo, cravejado com zirc\u00f4nias brancas, com 40cm de comprimento, banhado a ouro18k.<\/p>\n","protected":false},"featured_media":7279,"template":"","meta":[],"product_brand":[],"product_cat":[46],"product_tag":[317,85,72,240,54],"class_list":{"0":"post-7278","1":"product","2":"type-product","3":"status-publish","4":"has-post-thumbnail","6":"product_cat-colares","7":"product_tag-banhado-ouro18k","8":"product_tag-colar","9":"product_tag-cravejado","10":"product_tag-rutilo","11":"product_tag-zirconia","13":"first","14":"instock","15":"shipping-taxable","16":"purchasable","17":"product-type-simple"},"aioseo_notices":[],"_links":{"self":[{"href":"https:\/\/www.flacunhasemijoias.com.br\/loja\/wp-json\/wp\/v2\/product\/7278","targetHints":{"allow":["GET"]}}],"collection":[{"href":"https:\/\/www.flacunhasemijoias.com.br\/loja\/wp-json\/wp\/v2\/product"}],"about":[{"href":"https:\/\/www.flacunhasemijoias.com.br\/loja\/wp-json\/wp\/v2\/types\/product"}],"wp:featuredmedia":[{"embeddable":true,"href":"https:\/\/www.flacunhasemijoias.com.br\/loja\/wp-json\/wp\/v2\/media\/7279"}],"wp:attachment":[{"href":"https:\/\/www.flacunhasemijoias.com.br\/loja\/wp-json\/wp\/v2\/media?parent=7278"}],"wp:term":[{"taxonomy":"product_brand","embeddable":true,"href":"https:\/\/www.flacunhasemijoias.com.br\/loja\/wp-json\/wp\/v2\/product_brand?post=7278"},{"taxonomy":"product_cat","embeddable":true,"href":"https:\/\/www.flacunhasemijoias.com.br\/loja\/wp-json\/wp\/v2\/product_cat?post=7278"},{"taxonomy":"product_tag","embeddable":true,"href":"https:\/\/www.flacunhasemijoias.com.br\/loja\/wp-json\/wp\/v2\/product_tag?post=7278"}],"curies":[{"name":"wp","href":"https:\/\/api.w.org\/{rel}","templated":true}]}}