{"id":7314,"date":"2026-02-06T17:48:12","date_gmt":"2026-02-06T20:48:12","guid":{"rendered":"https:\/\/www.flacunhasemijoias.com.br\/loja\/?post_type=product&#038;p=7314"},"modified":"2026-02-26T16:49:44","modified_gmt":"2026-02-26T19:49:44","slug":"pulseira-howlita-turquesa-com-olho-grego-banhada-a-ouro18k","status":"publish","type":"product","link":"https:\/\/www.flacunhasemijoias.com.br\/loja\/produto\/pulseira-howlita-turquesa-com-olho-grego-banhada-a-ouro18k\/","title":{"rendered":"Pulseira Howlita Turquesa com Olho Grego em Madrep\u00e9rola Banhada a Ouro18k"},"content":{"rendered":"<p>Pulseira howlita turquesa com olho grego em madrep\u00e9rola e Esp\u00edrito Santo, banhado a ouro18k.<\/p>\n","protected":false},"excerpt":{"rendered":"<p>Pulseira howlita turquesa com olho grego em madrep\u00e9rola e Esp\u00edrito Santo, banhado a ouro18k.<\/p>\n","protected":false},"featured_media":7315,"template":"","meta":[],"product_brand":[],"product_cat":[47],"product_tag":[317,201,232,79,73],"class_list":{"0":"post-7314","1":"product","2":"type-product","3":"status-publish","4":"has-post-thumbnail","6":"product_cat-pulseiras","7":"product_tag-banhado-ouro18k","8":"product_tag-espirito-santo","9":"product_tag-howlita-turquesa","10":"product_tag-olho-grego","11":"product_tag-pulseira","13":"first","14":"instock","15":"shipping-taxable","16":"purchasable","17":"product-type-simple"},"aioseo_notices":[],"_links":{"self":[{"href":"https:\/\/www.flacunhasemijoias.com.br\/loja\/wp-json\/wp\/v2\/product\/7314","targetHints":{"allow":["GET"]}}],"collection":[{"href":"https:\/\/www.flacunhasemijoias.com.br\/loja\/wp-json\/wp\/v2\/product"}],"about":[{"href":"https:\/\/www.flacunhasemijoias.com.br\/loja\/wp-json\/wp\/v2\/types\/product"}],"wp:featuredmedia":[{"embeddable":true,"href":"https:\/\/www.flacunhasemijoias.com.br\/loja\/wp-json\/wp\/v2\/media\/7315"}],"wp:attachment":[{"href":"https:\/\/www.flacunhasemijoias.com.br\/loja\/wp-json\/wp\/v2\/media?parent=7314"}],"wp:term":[{"taxonomy":"product_brand","embeddable":true,"href":"https:\/\/www.flacunhasemijoias.com.br\/loja\/wp-json\/wp\/v2\/product_brand?post=7314"},{"taxonomy":"product_cat","embeddable":true,"href":"https:\/\/www.flacunhasemijoias.com.br\/loja\/wp-json\/wp\/v2\/product_cat?post=7314"},{"taxonomy":"product_tag","embeddable":true,"href":"https:\/\/www.flacunhasemijoias.com.br\/loja\/wp-json\/wp\/v2\/product_tag?post=7314"}],"curies":[{"name":"wp","href":"https:\/\/api.w.org\/{rel}","templated":true}]}}