{"id":7327,"date":"2026-02-07T11:06:52","date_gmt":"2026-02-07T14:06:52","guid":{"rendered":"https:\/\/www.flacunhasemijoias.com.br\/loja\/?post_type=product&#038;p=7327"},"modified":"2026-02-07T11:06:52","modified_gmt":"2026-02-07T14:06:52","slug":"colar-de-rutilo-com-quartzo-fume-banhado-a-ouro18k","status":"publish","type":"product","link":"https:\/\/www.flacunhasemijoias.com.br\/loja\/produto\/colar-de-rutilo-com-quartzo-fume-banhado-a-ouro18k\/","title":{"rendered":"Colar de R\u00fatilo com Quartzo Fum\u00ea Banhado a Ouro18k"},"content":{"rendered":"<p>Colar pedra natural de r\u00fatilo com pingente de quartzo fume, banhado a ouro18k.<\/p>\n","protected":false},"excerpt":{"rendered":"<p>Colar pedra natural de r\u00fatilo com pingente de quartzo fume, banhado a ouro18k.<\/p>\n","protected":false},"featured_media":7328,"template":"","meta":[],"product_brand":[],"product_cat":[46],"product_tag":[317,85,268,240],"class_list":{"0":"post-7327","1":"product","2":"type-product","3":"status-publish","4":"has-post-thumbnail","6":"product_cat-colares","7":"product_tag-banhado-ouro18k","8":"product_tag-colar","9":"product_tag-quartzo-fume","10":"product_tag-rutilo","12":"first","13":"instock","14":"shipping-taxable","15":"purchasable","16":"product-type-simple"},"aioseo_notices":[],"_links":{"self":[{"href":"https:\/\/www.flacunhasemijoias.com.br\/loja\/wp-json\/wp\/v2\/product\/7327","targetHints":{"allow":["GET"]}}],"collection":[{"href":"https:\/\/www.flacunhasemijoias.com.br\/loja\/wp-json\/wp\/v2\/product"}],"about":[{"href":"https:\/\/www.flacunhasemijoias.com.br\/loja\/wp-json\/wp\/v2\/types\/product"}],"wp:featuredmedia":[{"embeddable":true,"href":"https:\/\/www.flacunhasemijoias.com.br\/loja\/wp-json\/wp\/v2\/media\/7328"}],"wp:attachment":[{"href":"https:\/\/www.flacunhasemijoias.com.br\/loja\/wp-json\/wp\/v2\/media?parent=7327"}],"wp:term":[{"taxonomy":"product_brand","embeddable":true,"href":"https:\/\/www.flacunhasemijoias.com.br\/loja\/wp-json\/wp\/v2\/product_brand?post=7327"},{"taxonomy":"product_cat","embeddable":true,"href":"https:\/\/www.flacunhasemijoias.com.br\/loja\/wp-json\/wp\/v2\/product_cat?post=7327"},{"taxonomy":"product_tag","embeddable":true,"href":"https:\/\/www.flacunhasemijoias.com.br\/loja\/wp-json\/wp\/v2\/product_tag?post=7327"}],"curies":[{"name":"wp","href":"https:\/\/api.w.org\/{rel}","templated":true}]}}