{"id":7338,"date":"2026-02-07T12:25:22","date_gmt":"2026-02-07T15:25:22","guid":{"rendered":"https:\/\/www.flacunhasemijoias.com.br\/loja\/?post_type=product&#038;p=7338"},"modified":"2026-02-07T12:25:23","modified_gmt":"2026-02-07T15:25:23","slug":"colar-de-pedra-natural-agata-banhado-a-ouro18k","status":"publish","type":"product","link":"https:\/\/www.flacunhasemijoias.com.br\/loja\/produto\/colar-de-pedra-natural-agata-banhado-a-ouro18k\/","title":{"rendered":"Colar de Pedra Natural \u00c1gata Banhado a Ouro18k"},"content":{"rendered":"<p>Colar de pedra natural \u00c1gata com pingente cravejado de zirc\u00f4nias brancas, banhado a ouro18k.<\/p>\n","protected":false},"excerpt":{"rendered":"<p>Colar de pedra natural \u00c1gata com pingente cravejado de zirc\u00f4nias brancas, banhado a ouro18k.<\/p>\n","protected":false},"featured_media":7339,"template":"","meta":[],"product_brand":[],"product_cat":[46],"product_tag":[418,85,72,54],"class_list":{"0":"post-7338","1":"product","2":"type-product","3":"status-publish","4":"has-post-thumbnail","6":"product_cat-colares","7":"product_tag-agata","8":"product_tag-colar","9":"product_tag-cravejado","10":"product_tag-zirconia","12":"first","13":"instock","14":"shipping-taxable","15":"purchasable","16":"product-type-simple"},"aioseo_notices":[],"_links":{"self":[{"href":"https:\/\/www.flacunhasemijoias.com.br\/loja\/wp-json\/wp\/v2\/product\/7338","targetHints":{"allow":["GET"]}}],"collection":[{"href":"https:\/\/www.flacunhasemijoias.com.br\/loja\/wp-json\/wp\/v2\/product"}],"about":[{"href":"https:\/\/www.flacunhasemijoias.com.br\/loja\/wp-json\/wp\/v2\/types\/product"}],"wp:featuredmedia":[{"embeddable":true,"href":"https:\/\/www.flacunhasemijoias.com.br\/loja\/wp-json\/wp\/v2\/media\/7339"}],"wp:attachment":[{"href":"https:\/\/www.flacunhasemijoias.com.br\/loja\/wp-json\/wp\/v2\/media?parent=7338"}],"wp:term":[{"taxonomy":"product_brand","embeddable":true,"href":"https:\/\/www.flacunhasemijoias.com.br\/loja\/wp-json\/wp\/v2\/product_brand?post=7338"},{"taxonomy":"product_cat","embeddable":true,"href":"https:\/\/www.flacunhasemijoias.com.br\/loja\/wp-json\/wp\/v2\/product_cat?post=7338"},{"taxonomy":"product_tag","embeddable":true,"href":"https:\/\/www.flacunhasemijoias.com.br\/loja\/wp-json\/wp\/v2\/product_tag?post=7338"}],"curies":[{"name":"wp","href":"https:\/\/api.w.org\/{rel}","templated":true}]}}