{"id":7344,"date":"2026-02-07T12:48:35","date_gmt":"2026-02-07T15:48:35","guid":{"rendered":"https:\/\/www.flacunhasemijoias.com.br\/loja\/?post_type=product&#038;p=7344"},"modified":"2026-02-26T14:24:05","modified_gmt":"2026-02-26T17:24:05","slug":"colar-de-perola-com-pingente-espirito-santo-banhado-a-ouro18k","status":"publish","type":"product","link":"https:\/\/www.flacunhasemijoias.com.br\/loja\/produto\/colar-de-perola-com-pingente-espirito-santo-banhado-a-ouro18k\/","title":{"rendered":"Colar de P\u00e9rola com Pingente Esp\u00edrito Santo Banhado a Ouro18k"},"content":{"rendered":"<p>Colar de p\u00e9rola natural com pingente Espirito Santo, banhado a ouro18k.<\/p>\n","protected":false},"excerpt":{"rendered":"<p>Colar de p\u00e9rola natural com pingente Espirito Santo, banhado a ouro18k.<\/p>\n","protected":false},"featured_media":7345,"template":"","meta":[],"product_brand":[],"product_cat":[46],"product_tag":[317,85,201,58],"class_list":{"0":"post-7344","1":"product","2":"type-product","3":"status-publish","4":"has-post-thumbnail","6":"product_cat-colares","7":"product_tag-banhado-ouro18k","8":"product_tag-colar","9":"product_tag-espirito-santo","10":"product_tag-perola","12":"first","13":"outofstock","14":"shipping-taxable","15":"purchasable","16":"product-type-simple"},"aioseo_notices":[],"_links":{"self":[{"href":"https:\/\/www.flacunhasemijoias.com.br\/loja\/wp-json\/wp\/v2\/product\/7344","targetHints":{"allow":["GET"]}}],"collection":[{"href":"https:\/\/www.flacunhasemijoias.com.br\/loja\/wp-json\/wp\/v2\/product"}],"about":[{"href":"https:\/\/www.flacunhasemijoias.com.br\/loja\/wp-json\/wp\/v2\/types\/product"}],"wp:featuredmedia":[{"embeddable":true,"href":"https:\/\/www.flacunhasemijoias.com.br\/loja\/wp-json\/wp\/v2\/media\/7345"}],"wp:attachment":[{"href":"https:\/\/www.flacunhasemijoias.com.br\/loja\/wp-json\/wp\/v2\/media?parent=7344"}],"wp:term":[{"taxonomy":"product_brand","embeddable":true,"href":"https:\/\/www.flacunhasemijoias.com.br\/loja\/wp-json\/wp\/v2\/product_brand?post=7344"},{"taxonomy":"product_cat","embeddable":true,"href":"https:\/\/www.flacunhasemijoias.com.br\/loja\/wp-json\/wp\/v2\/product_cat?post=7344"},{"taxonomy":"product_tag","embeddable":true,"href":"https:\/\/www.flacunhasemijoias.com.br\/loja\/wp-json\/wp\/v2\/product_tag?post=7344"}],"curies":[{"name":"wp","href":"https:\/\/api.w.org\/{rel}","templated":true}]}}