{"id":7358,"date":"2026-02-07T13:20:31","date_gmt":"2026-02-07T16:20:31","guid":{"rendered":"https:\/\/www.flacunhasemijoias.com.br\/loja\/?post_type=product&#038;p=7358"},"modified":"2026-03-06T15:43:23","modified_gmt":"2026-03-06T18:43:23","slug":"colar-zirconia-ferrugem-com-patuas-banhado-a-ouro18k","status":"publish","type":"product","link":"https:\/\/www.flacunhasemijoias.com.br\/loja\/produto\/colar-zirconia-ferrugem-com-patuas-banhado-a-ouro18k\/","title":{"rendered":"Colar Zirc\u00f4nia Ferrugem com Patu\u00e1s Banhado a Ouro18k"},"content":{"rendered":"<p>Colar zirc\u00f4nia ferrugem com patu\u00e1s, banhado a ouro18k.<\/p>\n","protected":false},"excerpt":{"rendered":"<p>Colar zirc\u00f4nia ferrugem com patu\u00e1s, banhado a ouro18k.<\/p>\n","protected":false},"featured_media":7359,"template":"","meta":[],"product_brand":[],"product_cat":[46],"product_tag":[317,85,113,201,117,266,315],"class_list":{"0":"post-7358","1":"product","2":"type-product","3":"status-publish","4":"has-post-thumbnail","6":"product_cat-colares","7":"product_tag-banhado-ouro18k","8":"product_tag-colar","9":"product_tag-coracao","10":"product_tag-espirito-santo","11":"product_tag-flor","12":"product_tag-trevo","13":"product_tag-zirconia-ferrugem","15":"first","16":"outofstock","17":"shipping-taxable","18":"purchasable","19":"product-type-simple"},"aioseo_notices":[],"_links":{"self":[{"href":"https:\/\/www.flacunhasemijoias.com.br\/loja\/wp-json\/wp\/v2\/product\/7358","targetHints":{"allow":["GET"]}}],"collection":[{"href":"https:\/\/www.flacunhasemijoias.com.br\/loja\/wp-json\/wp\/v2\/product"}],"about":[{"href":"https:\/\/www.flacunhasemijoias.com.br\/loja\/wp-json\/wp\/v2\/types\/product"}],"wp:featuredmedia":[{"embeddable":true,"href":"https:\/\/www.flacunhasemijoias.com.br\/loja\/wp-json\/wp\/v2\/media\/7359"}],"wp:attachment":[{"href":"https:\/\/www.flacunhasemijoias.com.br\/loja\/wp-json\/wp\/v2\/media?parent=7358"}],"wp:term":[{"taxonomy":"product_brand","embeddable":true,"href":"https:\/\/www.flacunhasemijoias.com.br\/loja\/wp-json\/wp\/v2\/product_brand?post=7358"},{"taxonomy":"product_cat","embeddable":true,"href":"https:\/\/www.flacunhasemijoias.com.br\/loja\/wp-json\/wp\/v2\/product_cat?post=7358"},{"taxonomy":"product_tag","embeddable":true,"href":"https:\/\/www.flacunhasemijoias.com.br\/loja\/wp-json\/wp\/v2\/product_tag?post=7358"}],"curies":[{"name":"wp","href":"https:\/\/api.w.org\/{rel}","templated":true}]}}