{"id":7361,"date":"2026-02-07T13:25:43","date_gmt":"2026-02-07T16:25:43","guid":{"rendered":"https:\/\/www.flacunhasemijoias.com.br\/loja\/?post_type=product&#038;p=7361"},"modified":"2026-02-10T13:43:02","modified_gmt":"2026-02-10T16:43:02","slug":"colar-agua-marinha-com-patuas-banhado-a-ouro18k","status":"publish","type":"product","link":"https:\/\/www.flacunhasemijoias.com.br\/loja\/produto\/colar-agua-marinha-com-patuas-banhado-a-ouro18k\/","title":{"rendered":"Colar \u00c1gua Marinha com Patu\u00e1s Banhado a Ouro18k"},"content":{"rendered":"<p>Colar \u00e1gua marinha com patu\u00e1s, banhado a ouro18k.<\/p>\n","protected":false},"excerpt":{"rendered":"<p>Colar \u00e1gua marinha com patu\u00e1s, banhado a ouro18k.<\/p>\n","protected":false},"featured_media":7362,"template":"","meta":[],"product_brand":[],"product_cat":[46],"product_tag":[317,85,113,201,306,266],"class_list":{"0":"post-7361","1":"product","2":"type-product","3":"status-publish","4":"has-post-thumbnail","6":"product_cat-colares","7":"product_tag-banhado-ouro18k","8":"product_tag-colar","9":"product_tag-coracao","10":"product_tag-espirito-santo","11":"product_tag-patuas","12":"product_tag-trevo","14":"first","15":"outofstock","16":"shipping-taxable","17":"purchasable","18":"product-type-simple"},"aioseo_notices":[],"_links":{"self":[{"href":"https:\/\/www.flacunhasemijoias.com.br\/loja\/wp-json\/wp\/v2\/product\/7361","targetHints":{"allow":["GET"]}}],"collection":[{"href":"https:\/\/www.flacunhasemijoias.com.br\/loja\/wp-json\/wp\/v2\/product"}],"about":[{"href":"https:\/\/www.flacunhasemijoias.com.br\/loja\/wp-json\/wp\/v2\/types\/product"}],"wp:featuredmedia":[{"embeddable":true,"href":"https:\/\/www.flacunhasemijoias.com.br\/loja\/wp-json\/wp\/v2\/media\/7362"}],"wp:attachment":[{"href":"https:\/\/www.flacunhasemijoias.com.br\/loja\/wp-json\/wp\/v2\/media?parent=7361"}],"wp:term":[{"taxonomy":"product_brand","embeddable":true,"href":"https:\/\/www.flacunhasemijoias.com.br\/loja\/wp-json\/wp\/v2\/product_brand?post=7361"},{"taxonomy":"product_cat","embeddable":true,"href":"https:\/\/www.flacunhasemijoias.com.br\/loja\/wp-json\/wp\/v2\/product_cat?post=7361"},{"taxonomy":"product_tag","embeddable":true,"href":"https:\/\/www.flacunhasemijoias.com.br\/loja\/wp-json\/wp\/v2\/product_tag?post=7361"}],"curies":[{"name":"wp","href":"https:\/\/api.w.org\/{rel}","templated":true}]}}