{"id":7373,"date":"2026-02-07T15:34:36","date_gmt":"2026-02-07T18:34:36","guid":{"rendered":"https:\/\/www.flacunhasemijoias.com.br\/loja\/?post_type=product&#038;p=7373"},"modified":"2026-02-18T16:39:34","modified_gmt":"2026-02-18T19:39:34","slug":"brinco-argola-com-pingentes-protecao-banhado-a-ouro18k","status":"publish","type":"product","link":"https:\/\/www.flacunhasemijoias.com.br\/loja\/produto\/brinco-argola-com-pingentes-protecao-banhado-a-ouro18k\/","title":{"rendered":"Brinco Argola com Pingentes Prote\u00e7\u00e3o Banhado a Ouro18k"},"content":{"rendered":"<p>Brinco Argola com pingentes prote\u00e7\u00e3o, banhado a ouro18k.<\/p>\n","protected":false},"excerpt":{"rendered":"<p>Brinco Argola com pingentes prote\u00e7\u00e3o, banhado a ouro18k.<\/p>\n","protected":false},"featured_media":7375,"template":"","meta":[],"product_brand":[],"product_cat":[45],"product_tag":[136,317,66,201,368,58,266,54],"class_list":{"0":"post-7373","1":"product","2":"type-product","3":"status-publish","4":"has-post-thumbnail","6":"product_cat-brincos","7":"product_tag-argola","8":"product_tag-banhado-ouro18k","9":"product_tag-brinco","10":"product_tag-espirito-santo","11":"product_tag-peixe","12":"product_tag-perola","13":"product_tag-trevo","14":"product_tag-zirconia","16":"first","17":"outofstock","18":"shipping-taxable","19":"purchasable","20":"product-type-simple"},"aioseo_notices":[],"_links":{"self":[{"href":"https:\/\/www.flacunhasemijoias.com.br\/loja\/wp-json\/wp\/v2\/product\/7373","targetHints":{"allow":["GET"]}}],"collection":[{"href":"https:\/\/www.flacunhasemijoias.com.br\/loja\/wp-json\/wp\/v2\/product"}],"about":[{"href":"https:\/\/www.flacunhasemijoias.com.br\/loja\/wp-json\/wp\/v2\/types\/product"}],"wp:featuredmedia":[{"embeddable":true,"href":"https:\/\/www.flacunhasemijoias.com.br\/loja\/wp-json\/wp\/v2\/media\/7375"}],"wp:attachment":[{"href":"https:\/\/www.flacunhasemijoias.com.br\/loja\/wp-json\/wp\/v2\/media?parent=7373"}],"wp:term":[{"taxonomy":"product_brand","embeddable":true,"href":"https:\/\/www.flacunhasemijoias.com.br\/loja\/wp-json\/wp\/v2\/product_brand?post=7373"},{"taxonomy":"product_cat","embeddable":true,"href":"https:\/\/www.flacunhasemijoias.com.br\/loja\/wp-json\/wp\/v2\/product_cat?post=7373"},{"taxonomy":"product_tag","embeddable":true,"href":"https:\/\/www.flacunhasemijoias.com.br\/loja\/wp-json\/wp\/v2\/product_tag?post=7373"}],"curies":[{"name":"wp","href":"https:\/\/api.w.org\/{rel}","templated":true}]}}