{"id":7410,"date":"2026-02-13T12:25:00","date_gmt":"2026-02-13T15:25:00","guid":{"rendered":"https:\/\/www.flacunhasemijoias.com.br\/loja\/?post_type=product&#038;p=7410"},"modified":"2026-02-13T12:25:00","modified_gmt":"2026-02-13T15:25:00","slug":"anel-coracoes-de-cristal-e-citrino-em-rodio-branco","status":"publish","type":"product","link":"https:\/\/www.flacunhasemijoias.com.br\/loja\/produto\/anel-coracoes-de-cristal-e-citrino-em-rodio-branco\/","title":{"rendered":"Anel Cora\u00e7\u00f5es de Cristal e Citrino em R\u00f3dio Branco"},"content":{"rendered":"<p>Anel cora\u00e7\u00f5es de cristal e citrino, em r\u00f3dio branco.<\/p>\n","protected":false},"excerpt":{"rendered":"<p>Anel cora\u00e7\u00f5es de cristal e citrino, em r\u00f3dio branco.<\/p>\n","protected":false},"featured_media":7412,"template":"","meta":[],"product_brand":[],"product_cat":[213],"product_tag":[65,103,113,298,160],"class_list":{"0":"post-7410","1":"product","2":"type-product","3":"status-publish","4":"has-post-thumbnail","6":"product_cat-aneis","7":"product_tag-anel","8":"product_tag-citrino","9":"product_tag-coracao","10":"product_tag-cristal","11":"product_tag-rodio-branco","12":"pa_numero-35","14":"first","15":"instock","16":"shipping-taxable","17":"purchasable","18":"product-type-variable"},"aioseo_notices":[],"_links":{"self":[{"href":"https:\/\/www.flacunhasemijoias.com.br\/loja\/wp-json\/wp\/v2\/product\/7410","targetHints":{"allow":["GET"]}}],"collection":[{"href":"https:\/\/www.flacunhasemijoias.com.br\/loja\/wp-json\/wp\/v2\/product"}],"about":[{"href":"https:\/\/www.flacunhasemijoias.com.br\/loja\/wp-json\/wp\/v2\/types\/product"}],"wp:featuredmedia":[{"embeddable":true,"href":"https:\/\/www.flacunhasemijoias.com.br\/loja\/wp-json\/wp\/v2\/media\/7412"}],"wp:attachment":[{"href":"https:\/\/www.flacunhasemijoias.com.br\/loja\/wp-json\/wp\/v2\/media?parent=7410"}],"wp:term":[{"taxonomy":"product_brand","embeddable":true,"href":"https:\/\/www.flacunhasemijoias.com.br\/loja\/wp-json\/wp\/v2\/product_brand?post=7410"},{"taxonomy":"product_cat","embeddable":true,"href":"https:\/\/www.flacunhasemijoias.com.br\/loja\/wp-json\/wp\/v2\/product_cat?post=7410"},{"taxonomy":"product_tag","embeddable":true,"href":"https:\/\/www.flacunhasemijoias.com.br\/loja\/wp-json\/wp\/v2\/product_tag?post=7410"}],"curies":[{"name":"wp","href":"https:\/\/api.w.org\/{rel}","templated":true}]}}