{"id":7526,"date":"2026-02-27T13:45:15","date_gmt":"2026-02-27T16:45:15","guid":{"rendered":"https:\/\/www.flacunhasemijoias.com.br\/loja\/?post_type=product&#038;p=7526"},"modified":"2026-02-27T13:45:16","modified_gmt":"2026-02-27T16:45:16","slug":"colar-nossa-senhora-aparecida-com-zirconias-azuis-banhado-a-ouro18k","status":"publish","type":"product","link":"https:\/\/www.flacunhasemijoias.com.br\/loja\/produto\/colar-nossa-senhora-aparecida-com-zirconias-azuis-banhado-a-ouro18k\/","title":{"rendered":"Colar Nossa Senhora Aparecida com Zirc\u00f4nias Azuis Banhado a Ouro18k"},"content":{"rendered":"<p>Colar nossa senhora aparecida com zirc\u00f4nias azuis e zirc\u00f4nias\u00a0 brancas, banhado a ouro18k.<\/p>\n","protected":false},"excerpt":{"rendered":"<p>Colar nossa senhora aparecida com zirc\u00f4nias azuis e zirc\u00f4nias\u00a0 brancas, banhado a ouro18k.<\/p>\n","protected":false},"featured_media":7527,"template":"","meta":[],"product_brand":[],"product_cat":[46],"product_tag":[317,85,72,428,54,161],"class_list":{"0":"post-7526","1":"product","2":"type-product","3":"status-publish","4":"has-post-thumbnail","6":"product_cat-colares","7":"product_tag-banhado-ouro18k","8":"product_tag-colar","9":"product_tag-cravejado","10":"product_tag-nossa-senhora-aparecida","11":"product_tag-zirconia","12":"product_tag-zirconia-azul","14":"first","15":"instock","16":"shipping-taxable","17":"purchasable","18":"product-type-simple"},"aioseo_notices":[],"_links":{"self":[{"href":"https:\/\/www.flacunhasemijoias.com.br\/loja\/wp-json\/wp\/v2\/product\/7526","targetHints":{"allow":["GET"]}}],"collection":[{"href":"https:\/\/www.flacunhasemijoias.com.br\/loja\/wp-json\/wp\/v2\/product"}],"about":[{"href":"https:\/\/www.flacunhasemijoias.com.br\/loja\/wp-json\/wp\/v2\/types\/product"}],"wp:featuredmedia":[{"embeddable":true,"href":"https:\/\/www.flacunhasemijoias.com.br\/loja\/wp-json\/wp\/v2\/media\/7527"}],"wp:attachment":[{"href":"https:\/\/www.flacunhasemijoias.com.br\/loja\/wp-json\/wp\/v2\/media?parent=7526"}],"wp:term":[{"taxonomy":"product_brand","embeddable":true,"href":"https:\/\/www.flacunhasemijoias.com.br\/loja\/wp-json\/wp\/v2\/product_brand?post=7526"},{"taxonomy":"product_cat","embeddable":true,"href":"https:\/\/www.flacunhasemijoias.com.br\/loja\/wp-json\/wp\/v2\/product_cat?post=7526"},{"taxonomy":"product_tag","embeddable":true,"href":"https:\/\/www.flacunhasemijoias.com.br\/loja\/wp-json\/wp\/v2\/product_tag?post=7526"}],"curies":[{"name":"wp","href":"https:\/\/api.w.org\/{rel}","templated":true}]}}