{"id":7539,"date":"2026-02-27T16:06:48","date_gmt":"2026-02-27T19:06:48","guid":{"rendered":"https:\/\/www.flacunhasemijoias.com.br\/loja\/?post_type=product&#038;p=7539"},"modified":"2026-02-27T16:06:49","modified_gmt":"2026-02-27T19:06:49","slug":"colar-longo-zirconia-ferrugem-com-perola-barroca-banhado-a-ouro18k","status":"publish","type":"product","link":"https:\/\/www.flacunhasemijoias.com.br\/loja\/produto\/colar-longo-zirconia-ferrugem-com-perola-barroca-banhado-a-ouro18k\/","title":{"rendered":"Colar Longo Zirc\u00f4nia Ferrugem com P\u00e9rola Barroca Banhado a Ouro18k"},"content":{"rendered":"<p>Colar longo de zirc\u00f4nia ferrugem com pingente de p\u00e9rola barroca, banhado a ouro18k.<\/p>\n","protected":false},"excerpt":{"rendered":"<p>Colar longo de zirc\u00f4nia ferrugem com pingente de p\u00e9rola barroca, banhado a ouro18k.<\/p>\n","protected":false},"featured_media":7540,"template":"","meta":[],"product_brand":[],"product_cat":[46],"product_tag":[317,85,58,315],"class_list":{"0":"post-7539","1":"product","2":"type-product","3":"status-publish","4":"has-post-thumbnail","6":"product_cat-colares","7":"product_tag-banhado-ouro18k","8":"product_tag-colar","9":"product_tag-perola","10":"product_tag-zirconia-ferrugem","12":"first","13":"instock","14":"shipping-taxable","15":"purchasable","16":"product-type-simple"},"aioseo_notices":[],"_links":{"self":[{"href":"https:\/\/www.flacunhasemijoias.com.br\/loja\/wp-json\/wp\/v2\/product\/7539","targetHints":{"allow":["GET"]}}],"collection":[{"href":"https:\/\/www.flacunhasemijoias.com.br\/loja\/wp-json\/wp\/v2\/product"}],"about":[{"href":"https:\/\/www.flacunhasemijoias.com.br\/loja\/wp-json\/wp\/v2\/types\/product"}],"wp:featuredmedia":[{"embeddable":true,"href":"https:\/\/www.flacunhasemijoias.com.br\/loja\/wp-json\/wp\/v2\/media\/7540"}],"wp:attachment":[{"href":"https:\/\/www.flacunhasemijoias.com.br\/loja\/wp-json\/wp\/v2\/media?parent=7539"}],"wp:term":[{"taxonomy":"product_brand","embeddable":true,"href":"https:\/\/www.flacunhasemijoias.com.br\/loja\/wp-json\/wp\/v2\/product_brand?post=7539"},{"taxonomy":"product_cat","embeddable":true,"href":"https:\/\/www.flacunhasemijoias.com.br\/loja\/wp-json\/wp\/v2\/product_cat?post=7539"},{"taxonomy":"product_tag","embeddable":true,"href":"https:\/\/www.flacunhasemijoias.com.br\/loja\/wp-json\/wp\/v2\/product_tag?post=7539"}],"curies":[{"name":"wp","href":"https:\/\/api.w.org\/{rel}","templated":true}]}}