{"id":7823,"date":"2026-03-19T12:47:35","date_gmt":"2026-03-19T15:47:35","guid":{"rendered":"https:\/\/www.flacunhasemijoias.com.br\/loja\/?post_type=product&#038;p=7823"},"modified":"2026-03-19T12:47:36","modified_gmt":"2026-03-19T15:47:36","slug":"colar-lapis-lazuli-com-pingente-de-perola-banhado-a-ouro18k","status":"publish","type":"product","link":"https:\/\/www.flacunhasemijoias.com.br\/loja\/produto\/colar-lapis-lazuli-com-pingente-de-perola-banhado-a-ouro18k\/","title":{"rendered":"Colar L\u00e1pis Lazuli com Pingente de P\u00e9rola Banhado a Ouro18k"},"content":{"rendered":"<p>Colar de pedra natural l\u00e1pis lazuli com pingente de p\u00e9rola, banhado a ouro18k.<\/p>\n","protected":false},"excerpt":{"rendered":"<p>Colar de pedra natural l\u00e1pis lazuli com pingente de p\u00e9rola, banhado a ouro18k.<\/p>\n","protected":false},"featured_media":7824,"template":"","meta":[],"product_brand":[],"product_cat":[46],"product_tag":[317,85,410,58],"class_list":{"0":"post-7823","1":"product","2":"type-product","3":"status-publish","4":"has-post-thumbnail","6":"product_cat-colares","7":"product_tag-banhado-ouro18k","8":"product_tag-colar","9":"product_tag-lapis-lazuli","10":"product_tag-perola","12":"first","13":"instock","14":"shipping-taxable","15":"purchasable","16":"product-type-simple"},"aioseo_notices":[],"_links":{"self":[{"href":"https:\/\/www.flacunhasemijoias.com.br\/loja\/wp-json\/wp\/v2\/product\/7823","targetHints":{"allow":["GET"]}}],"collection":[{"href":"https:\/\/www.flacunhasemijoias.com.br\/loja\/wp-json\/wp\/v2\/product"}],"about":[{"href":"https:\/\/www.flacunhasemijoias.com.br\/loja\/wp-json\/wp\/v2\/types\/product"}],"wp:featuredmedia":[{"embeddable":true,"href":"https:\/\/www.flacunhasemijoias.com.br\/loja\/wp-json\/wp\/v2\/media\/7824"}],"wp:attachment":[{"href":"https:\/\/www.flacunhasemijoias.com.br\/loja\/wp-json\/wp\/v2\/media?parent=7823"}],"wp:term":[{"taxonomy":"product_brand","embeddable":true,"href":"https:\/\/www.flacunhasemijoias.com.br\/loja\/wp-json\/wp\/v2\/product_brand?post=7823"},{"taxonomy":"product_cat","embeddable":true,"href":"https:\/\/www.flacunhasemijoias.com.br\/loja\/wp-json\/wp\/v2\/product_cat?post=7823"},{"taxonomy":"product_tag","embeddable":true,"href":"https:\/\/www.flacunhasemijoias.com.br\/loja\/wp-json\/wp\/v2\/product_tag?post=7823"}],"curies":[{"name":"wp","href":"https:\/\/api.w.org\/{rel}","templated":true}]}}