{"id":7879,"date":"2026-03-20T13:27:07","date_gmt":"2026-03-20T16:27:07","guid":{"rendered":"https:\/\/www.flacunhasemijoias.com.br\/loja\/?post_type=product&#038;p=7879"},"modified":"2026-03-26T12:15:07","modified_gmt":"2026-03-26T15:15:07","slug":"brinco-oval-de-pedra-natural-rutilo-banhado-a-ouro18k","status":"publish","type":"product","link":"https:\/\/www.flacunhasemijoias.com.br\/loja\/produto\/brinco-oval-de-pedra-natural-rutilo-banhado-a-ouro18k\/","title":{"rendered":"Brinco Oval de Pedra Natural R\u00fatilo Banhado a Ouro18k"},"content":{"rendered":"<p>Brinco oval de pedra natural r\u00fatilo com uma zirc\u00f4nia branca, banhado a ouro18k.<\/p>\n","protected":false},"excerpt":{"rendered":"<p>Brinco oval de pedra natural r\u00fatilo com uma zirc\u00f4nia branca, banhado a ouro18k.<\/p>\n","protected":false},"featured_media":7880,"template":"","meta":[],"product_brand":[],"product_cat":[45],"product_tag":[317,66,72,240,457],"class_list":{"0":"post-7879","1":"product","2":"type-product","3":"status-publish","4":"has-post-thumbnail","6":"product_cat-brincos","7":"product_tag-banhado-ouro18k","8":"product_tag-brinco","9":"product_tag-cravejado","10":"product_tag-rutilo","11":"product_tag-zirconia-branca","13":"first","14":"instock","15":"shipping-taxable","16":"purchasable","17":"product-type-simple"},"aioseo_notices":[],"_links":{"self":[{"href":"https:\/\/www.flacunhasemijoias.com.br\/loja\/wp-json\/wp\/v2\/product\/7879","targetHints":{"allow":["GET"]}}],"collection":[{"href":"https:\/\/www.flacunhasemijoias.com.br\/loja\/wp-json\/wp\/v2\/product"}],"about":[{"href":"https:\/\/www.flacunhasemijoias.com.br\/loja\/wp-json\/wp\/v2\/types\/product"}],"wp:featuredmedia":[{"embeddable":true,"href":"https:\/\/www.flacunhasemijoias.com.br\/loja\/wp-json\/wp\/v2\/media\/7880"}],"wp:attachment":[{"href":"https:\/\/www.flacunhasemijoias.com.br\/loja\/wp-json\/wp\/v2\/media?parent=7879"}],"wp:term":[{"taxonomy":"product_brand","embeddable":true,"href":"https:\/\/www.flacunhasemijoias.com.br\/loja\/wp-json\/wp\/v2\/product_brand?post=7879"},{"taxonomy":"product_cat","embeddable":true,"href":"https:\/\/www.flacunhasemijoias.com.br\/loja\/wp-json\/wp\/v2\/product_cat?post=7879"},{"taxonomy":"product_tag","embeddable":true,"href":"https:\/\/www.flacunhasemijoias.com.br\/loja\/wp-json\/wp\/v2\/product_tag?post=7879"}],"curies":[{"name":"wp","href":"https:\/\/api.w.org\/{rel}","templated":true}]}}