{"id":7891,"date":"2026-03-20T16:24:44","date_gmt":"2026-03-20T19:24:44","guid":{"rendered":"https:\/\/www.flacunhasemijoias.com.br\/loja\/?post_type=product&#038;p=7891"},"modified":"2026-03-24T14:17:58","modified_gmt":"2026-03-24T17:17:58","slug":"brinco-flores-com-zirconias-negra-em-rodio-branco","status":"publish","type":"product","link":"https:\/\/www.flacunhasemijoias.com.br\/loja\/produto\/brinco-flores-com-zirconias-negra-em-rodio-branco\/","title":{"rendered":"Brinco Flores com Zirc\u00f4nias Negras em R\u00f3dio Branco"},"content":{"rendered":"<p>Brinco flores, com zirc\u00f4nias negras, em r\u00f3dio branco.<\/p>\n","protected":false},"excerpt":{"rendered":"<p>Brinco flores, com zirc\u00f4nias negras, em r\u00f3dio branco.<\/p>\n","protected":false},"featured_media":7892,"template":"","meta":[],"product_brand":[],"product_cat":[45],"product_tag":[317,66,117,78],"class_list":{"0":"post-7891","1":"product","2":"type-product","3":"status-publish","4":"has-post-thumbnail","6":"product_cat-brincos","7":"product_tag-banhado-ouro18k","8":"product_tag-brinco","9":"product_tag-flor","10":"product_tag-zirconia-negra","12":"first","13":"instock","14":"shipping-taxable","15":"purchasable","16":"product-type-simple"},"aioseo_notices":[],"_links":{"self":[{"href":"https:\/\/www.flacunhasemijoias.com.br\/loja\/wp-json\/wp\/v2\/product\/7891","targetHints":{"allow":["GET"]}}],"collection":[{"href":"https:\/\/www.flacunhasemijoias.com.br\/loja\/wp-json\/wp\/v2\/product"}],"about":[{"href":"https:\/\/www.flacunhasemijoias.com.br\/loja\/wp-json\/wp\/v2\/types\/product"}],"wp:featuredmedia":[{"embeddable":true,"href":"https:\/\/www.flacunhasemijoias.com.br\/loja\/wp-json\/wp\/v2\/media\/7892"}],"wp:attachment":[{"href":"https:\/\/www.flacunhasemijoias.com.br\/loja\/wp-json\/wp\/v2\/media?parent=7891"}],"wp:term":[{"taxonomy":"product_brand","embeddable":true,"href":"https:\/\/www.flacunhasemijoias.com.br\/loja\/wp-json\/wp\/v2\/product_brand?post=7891"},{"taxonomy":"product_cat","embeddable":true,"href":"https:\/\/www.flacunhasemijoias.com.br\/loja\/wp-json\/wp\/v2\/product_cat?post=7891"},{"taxonomy":"product_tag","embeddable":true,"href":"https:\/\/www.flacunhasemijoias.com.br\/loja\/wp-json\/wp\/v2\/product_tag?post=7891"}],"curies":[{"name":"wp","href":"https:\/\/api.w.org\/{rel}","templated":true}]}}