{"id":7903,"date":"2026-03-20T16:59:31","date_gmt":"2026-03-20T19:59:31","guid":{"rendered":"https:\/\/www.flacunhasemijoias.com.br\/loja\/?post_type=product&#038;p=7903"},"modified":"2026-03-24T14:03:21","modified_gmt":"2026-03-24T17:03:21","slug":"brinco-pendulo-com-5-circulos-decrescente-banhado-a-ouro18k","status":"publish","type":"product","link":"https:\/\/www.flacunhasemijoias.com.br\/loja\/produto\/brinco-pendulo-com-5-circulos-decrescente-banhado-a-ouro18k\/","title":{"rendered":"Brinco Pendulo com 5 C\u00edrculos Decrescentes de Zirc\u00f4nias Brancas Banhado a Ouro18k"},"content":{"rendered":"<p>Brinco pendulo, com 5 c\u00edrculos decrescentes de zirc\u00f4nias, com zirc\u00f4nias ao redor, banhado a ouro18k.<\/p>\n","protected":false},"excerpt":{"rendered":"<p>Brinco pendulo, com 5 c\u00edrculos decrescentes de zirc\u00f4nias, com zirc\u00f4nias ao redor, banhado a ouro18k.<\/p>\n","protected":false},"featured_media":7904,"template":"","meta":[],"product_brand":[],"product_cat":[45],"product_tag":[317,66,72,457],"class_list":{"0":"post-7903","1":"product","2":"type-product","3":"status-publish","4":"has-post-thumbnail","6":"product_cat-brincos","7":"product_tag-banhado-ouro18k","8":"product_tag-brinco","9":"product_tag-cravejado","10":"product_tag-zirconia-branca","12":"first","13":"instock","14":"shipping-taxable","15":"purchasable","16":"product-type-simple"},"aioseo_notices":[],"_links":{"self":[{"href":"https:\/\/www.flacunhasemijoias.com.br\/loja\/wp-json\/wp\/v2\/product\/7903","targetHints":{"allow":["GET"]}}],"collection":[{"href":"https:\/\/www.flacunhasemijoias.com.br\/loja\/wp-json\/wp\/v2\/product"}],"about":[{"href":"https:\/\/www.flacunhasemijoias.com.br\/loja\/wp-json\/wp\/v2\/types\/product"}],"wp:featuredmedia":[{"embeddable":true,"href":"https:\/\/www.flacunhasemijoias.com.br\/loja\/wp-json\/wp\/v2\/media\/7904"}],"wp:attachment":[{"href":"https:\/\/www.flacunhasemijoias.com.br\/loja\/wp-json\/wp\/v2\/media?parent=7903"}],"wp:term":[{"taxonomy":"product_brand","embeddable":true,"href":"https:\/\/www.flacunhasemijoias.com.br\/loja\/wp-json\/wp\/v2\/product_brand?post=7903"},{"taxonomy":"product_cat","embeddable":true,"href":"https:\/\/www.flacunhasemijoias.com.br\/loja\/wp-json\/wp\/v2\/product_cat?post=7903"},{"taxonomy":"product_tag","embeddable":true,"href":"https:\/\/www.flacunhasemijoias.com.br\/loja\/wp-json\/wp\/v2\/product_tag?post=7903"}],"curies":[{"name":"wp","href":"https:\/\/api.w.org\/{rel}","templated":true}]}}