{"id":7913,"date":"2026-03-20T17:20:35","date_gmt":"2026-03-20T20:20:35","guid":{"rendered":"https:\/\/www.flacunhasemijoias.com.br\/loja\/?post_type=product&#038;p=7913"},"modified":"2026-03-24T13:56:31","modified_gmt":"2026-03-24T16:56:31","slug":"brinco-ear-cuff-5-gotas-em-rodio-branco","status":"publish","type":"product","link":"https:\/\/www.flacunhasemijoias.com.br\/loja\/produto\/brinco-ear-cuff-5-gotas-em-rodio-branco\/","title":{"rendered":"Brinco Ear Cuff 5 Gotas Cravejado com Zirc\u00f4nias em R\u00f3dio Branco"},"content":{"rendered":"<p>Brinco ear cuff 5 gotas, cravejado com zirc\u00f4nias brancas, em r\u00f3dio branco.<\/p>\n","protected":false},"excerpt":{"rendered":"<p>Brinco ear cuff 5 gotas, cravejado com zirc\u00f4nias brancas, em r\u00f3dio branco.<\/p>\n","protected":false},"featured_media":7915,"template":"","meta":[],"product_brand":[],"product_cat":[45],"product_tag":[72,133,160,457],"class_list":{"0":"post-7913","1":"product","2":"type-product","3":"status-publish","4":"has-post-thumbnail","6":"product_cat-brincos","7":"product_tag-cravejado","8":"product_tag-earcuff","9":"product_tag-rodio-branco","10":"product_tag-zirconia-branca","12":"first","13":"instock","14":"shipping-taxable","15":"purchasable","16":"product-type-simple"},"aioseo_notices":[],"_links":{"self":[{"href":"https:\/\/www.flacunhasemijoias.com.br\/loja\/wp-json\/wp\/v2\/product\/7913","targetHints":{"allow":["GET"]}}],"collection":[{"href":"https:\/\/www.flacunhasemijoias.com.br\/loja\/wp-json\/wp\/v2\/product"}],"about":[{"href":"https:\/\/www.flacunhasemijoias.com.br\/loja\/wp-json\/wp\/v2\/types\/product"}],"wp:featuredmedia":[{"embeddable":true,"href":"https:\/\/www.flacunhasemijoias.com.br\/loja\/wp-json\/wp\/v2\/media\/7915"}],"wp:attachment":[{"href":"https:\/\/www.flacunhasemijoias.com.br\/loja\/wp-json\/wp\/v2\/media?parent=7913"}],"wp:term":[{"taxonomy":"product_brand","embeddable":true,"href":"https:\/\/www.flacunhasemijoias.com.br\/loja\/wp-json\/wp\/v2\/product_brand?post=7913"},{"taxonomy":"product_cat","embeddable":true,"href":"https:\/\/www.flacunhasemijoias.com.br\/loja\/wp-json\/wp\/v2\/product_cat?post=7913"},{"taxonomy":"product_tag","embeddable":true,"href":"https:\/\/www.flacunhasemijoias.com.br\/loja\/wp-json\/wp\/v2\/product_tag?post=7913"}],"curies":[{"name":"wp","href":"https:\/\/api.w.org\/{rel}","templated":true}]}}