{"id":7964,"date":"2026-03-21T14:11:52","date_gmt":"2026-03-21T17:11:52","guid":{"rendered":"https:\/\/www.flacunhasemijoias.com.br\/loja\/?post_type=product&#038;p=7964"},"modified":"2026-03-21T14:11:54","modified_gmt":"2026-03-21T17:11:54","slug":"colar-riviera-zirconia-negra-com-4-garras-em-rodio-negro","status":"publish","type":"product","link":"https:\/\/www.flacunhasemijoias.com.br\/loja\/produto\/colar-riviera-zirconia-negra-com-4-garras-em-rodio-negro\/","title":{"rendered":"Colar Riviera Zirc\u00f4nia Negra com 4 Garras em R\u00f3dio Negro"},"content":{"rendered":"<p>Colar riviera zirc\u00f4nia negra, 4 garras com 2mm, em r\u00f3dio negro.<\/p>\n","protected":false},"excerpt":{"rendered":"<p>Colar riviera zirc\u00f4nia negra, 4 garras com 2mm, em r\u00f3dio negro.<\/p>\n","protected":false},"featured_media":7965,"template":"","meta":[],"product_brand":[],"product_cat":[46],"product_tag":[85,122,53,78],"class_list":{"0":"post-7964","1":"product","2":"type-product","3":"status-publish","4":"has-post-thumbnail","6":"product_cat-colares","7":"product_tag-colar","8":"product_tag-riviera","9":"product_tag-rodio-negro","10":"product_tag-zirconia-negra","12":"first","13":"instock","14":"shipping-taxable","15":"purchasable","16":"product-type-simple"},"aioseo_notices":[],"_links":{"self":[{"href":"https:\/\/www.flacunhasemijoias.com.br\/loja\/wp-json\/wp\/v2\/product\/7964","targetHints":{"allow":["GET"]}}],"collection":[{"href":"https:\/\/www.flacunhasemijoias.com.br\/loja\/wp-json\/wp\/v2\/product"}],"about":[{"href":"https:\/\/www.flacunhasemijoias.com.br\/loja\/wp-json\/wp\/v2\/types\/product"}],"wp:featuredmedia":[{"embeddable":true,"href":"https:\/\/www.flacunhasemijoias.com.br\/loja\/wp-json\/wp\/v2\/media\/7965"}],"wp:attachment":[{"href":"https:\/\/www.flacunhasemijoias.com.br\/loja\/wp-json\/wp\/v2\/media?parent=7964"}],"wp:term":[{"taxonomy":"product_brand","embeddable":true,"href":"https:\/\/www.flacunhasemijoias.com.br\/loja\/wp-json\/wp\/v2\/product_brand?post=7964"},{"taxonomy":"product_cat","embeddable":true,"href":"https:\/\/www.flacunhasemijoias.com.br\/loja\/wp-json\/wp\/v2\/product_cat?post=7964"},{"taxonomy":"product_tag","embeddable":true,"href":"https:\/\/www.flacunhasemijoias.com.br\/loja\/wp-json\/wp\/v2\/product_tag?post=7964"}],"curies":[{"name":"wp","href":"https:\/\/api.w.org\/{rel}","templated":true}]}}