{"id":7995,"date":"2026-03-21T15:29:27","date_gmt":"2026-03-21T18:29:27","guid":{"rendered":"https:\/\/www.flacunhasemijoias.com.br\/loja\/?post_type=product&#038;p=7995"},"modified":"2026-03-24T11:43:06","modified_gmt":"2026-03-24T14:43:06","slug":"pulseira-coracoes-tanzanita-4mm-em-rodio-branco","status":"publish","type":"product","link":"https:\/\/www.flacunhasemijoias.com.br\/loja\/produto\/pulseira-coracoes-tanzanita-4mm-em-rodio-branco\/","title":{"rendered":"Pulseira Riviera Cora\u00e7\u00f5es de Tanzanita 4mm em R\u00f3dio Branco"},"content":{"rendered":"<p>Pulseira riviera cora\u00e7\u00f5es de tanzanita 4mm, com 17cm, em r\u00f3dio branco.<\/p>\n","protected":false},"excerpt":{"rendered":"<p>Pulseira riviera cora\u00e7\u00f5es de tanzanita 4mm, com 17cm, em r\u00f3dio branco.<\/p>\n","protected":false},"featured_media":7996,"template":"","meta":[],"product_brand":[],"product_cat":[47],"product_tag":[113,72,73,59,457],"class_list":{"0":"post-7995","1":"product","2":"type-product","3":"status-publish","4":"has-post-thumbnail","6":"product_cat-pulseiras","7":"product_tag-coracao","8":"product_tag-cravejado","9":"product_tag-pulseira","10":"product_tag-tanzanita","11":"product_tag-zirconia-branca","13":"first","14":"instock","15":"shipping-taxable","16":"purchasable","17":"product-type-simple"},"aioseo_notices":[],"_links":{"self":[{"href":"https:\/\/www.flacunhasemijoias.com.br\/loja\/wp-json\/wp\/v2\/product\/7995","targetHints":{"allow":["GET"]}}],"collection":[{"href":"https:\/\/www.flacunhasemijoias.com.br\/loja\/wp-json\/wp\/v2\/product"}],"about":[{"href":"https:\/\/www.flacunhasemijoias.com.br\/loja\/wp-json\/wp\/v2\/types\/product"}],"wp:featuredmedia":[{"embeddable":true,"href":"https:\/\/www.flacunhasemijoias.com.br\/loja\/wp-json\/wp\/v2\/media\/7996"}],"wp:attachment":[{"href":"https:\/\/www.flacunhasemijoias.com.br\/loja\/wp-json\/wp\/v2\/media?parent=7995"}],"wp:term":[{"taxonomy":"product_brand","embeddable":true,"href":"https:\/\/www.flacunhasemijoias.com.br\/loja\/wp-json\/wp\/v2\/product_brand?post=7995"},{"taxonomy":"product_cat","embeddable":true,"href":"https:\/\/www.flacunhasemijoias.com.br\/loja\/wp-json\/wp\/v2\/product_cat?post=7995"},{"taxonomy":"product_tag","embeddable":true,"href":"https:\/\/www.flacunhasemijoias.com.br\/loja\/wp-json\/wp\/v2\/product_tag?post=7995"}],"curies":[{"name":"wp","href":"https:\/\/api.w.org\/{rel}","templated":true}]}}