{"id":8001,"date":"2026-03-21T15:48:54","date_gmt":"2026-03-21T18:48:54","guid":{"rendered":"https:\/\/www.flacunhasemijoias.com.br\/loja\/?post_type=product&#038;p=8001"},"modified":"2026-03-26T10:45:05","modified_gmt":"2026-03-26T13:45:05","slug":"pulseira-gotas-de-agua-marinha-em-rodio-branco","status":"publish","type":"product","link":"https:\/\/www.flacunhasemijoias.com.br\/loja\/produto\/pulseira-gotas-de-agua-marinha-em-rodio-branco\/","title":{"rendered":"Pulseira Riviera Gotas de \u00c1gua Marinha 6mm em R\u00f3dio Branco"},"content":{"rendered":"<p>Pulseira riviera de gotas \u00e1gua marinha 6mm, com 17cm, em r\u00f3dio branco.<\/p>\n","protected":false},"excerpt":{"rendered":"<p>Pulseira riviera de gotas \u00e1gua marinha 6mm, com 17cm, em r\u00f3dio branco.<\/p>\n","protected":false},"featured_media":8002,"template":"","meta":[],"product_brand":[],"product_cat":[47],"product_tag":[89,139,73,160],"class_list":{"0":"post-8001","1":"product","2":"type-product","3":"status-publish","4":"has-post-thumbnail","6":"product_cat-pulseiras","7":"product_tag-agua-marinha","8":"product_tag-gota","9":"product_tag-pulseira","10":"product_tag-rodio-branco","12":"first","13":"instock","14":"shipping-taxable","15":"purchasable","16":"product-type-simple"},"aioseo_notices":[],"_links":{"self":[{"href":"https:\/\/www.flacunhasemijoias.com.br\/loja\/wp-json\/wp\/v2\/product\/8001","targetHints":{"allow":["GET"]}}],"collection":[{"href":"https:\/\/www.flacunhasemijoias.com.br\/loja\/wp-json\/wp\/v2\/product"}],"about":[{"href":"https:\/\/www.flacunhasemijoias.com.br\/loja\/wp-json\/wp\/v2\/types\/product"}],"wp:featuredmedia":[{"embeddable":true,"href":"https:\/\/www.flacunhasemijoias.com.br\/loja\/wp-json\/wp\/v2\/media\/8002"}],"wp:attachment":[{"href":"https:\/\/www.flacunhasemijoias.com.br\/loja\/wp-json\/wp\/v2\/media?parent=8001"}],"wp:term":[{"taxonomy":"product_brand","embeddable":true,"href":"https:\/\/www.flacunhasemijoias.com.br\/loja\/wp-json\/wp\/v2\/product_brand?post=8001"},{"taxonomy":"product_cat","embeddable":true,"href":"https:\/\/www.flacunhasemijoias.com.br\/loja\/wp-json\/wp\/v2\/product_cat?post=8001"},{"taxonomy":"product_tag","embeddable":true,"href":"https:\/\/www.flacunhasemijoias.com.br\/loja\/wp-json\/wp\/v2\/product_tag?post=8001"}],"curies":[{"name":"wp","href":"https:\/\/api.w.org\/{rel}","templated":true}]}}