{"id":8010,"date":"2026-03-24T11:32:41","date_gmt":"2026-03-24T14:32:41","guid":{"rendered":"https:\/\/www.flacunhasemijoias.com.br\/loja\/?post_type=product&#038;p=8010"},"modified":"2026-03-24T11:32:42","modified_gmt":"2026-03-24T14:32:42","slug":"pulseira-riviera-coracoes-de-esmeralda-4mm-em-rodio-branco","status":"publish","type":"product","link":"https:\/\/www.flacunhasemijoias.com.br\/loja\/produto\/pulseira-riviera-coracoes-de-esmeralda-4mm-em-rodio-branco\/","title":{"rendered":"Pulseira Riviera Cora\u00e7\u00f5es de Esmeralda 4mm em R\u00f3dio Branco"},"content":{"rendered":"<p>Pulseira riviera cora\u00e7\u00f5es de esmeralda 4mm, com 17cm, em r\u00f3dio branco<\/p>\n","protected":false},"excerpt":{"rendered":"<p>Pulseira riviera cora\u00e7\u00f5es de esmeralda 4mm, com 17cm, em r\u00f3dio branco<\/p>\n","protected":false},"featured_media":8011,"template":"","meta":[],"product_brand":[],"product_cat":[47],"product_tag":[113,72,77,73,122,160,457],"class_list":{"0":"post-8010","1":"product","2":"type-product","3":"status-publish","4":"has-post-thumbnail","6":"product_cat-pulseiras","7":"product_tag-coracao","8":"product_tag-cravejado","9":"product_tag-esmeralda","10":"product_tag-pulseira","11":"product_tag-riviera","12":"product_tag-rodio-branco","13":"product_tag-zirconia-branca","15":"first","16":"instock","17":"shipping-taxable","18":"purchasable","19":"product-type-simple"},"aioseo_notices":[],"_links":{"self":[{"href":"https:\/\/www.flacunhasemijoias.com.br\/loja\/wp-json\/wp\/v2\/product\/8010","targetHints":{"allow":["GET"]}}],"collection":[{"href":"https:\/\/www.flacunhasemijoias.com.br\/loja\/wp-json\/wp\/v2\/product"}],"about":[{"href":"https:\/\/www.flacunhasemijoias.com.br\/loja\/wp-json\/wp\/v2\/types\/product"}],"wp:featuredmedia":[{"embeddable":true,"href":"https:\/\/www.flacunhasemijoias.com.br\/loja\/wp-json\/wp\/v2\/media\/8011"}],"wp:attachment":[{"href":"https:\/\/www.flacunhasemijoias.com.br\/loja\/wp-json\/wp\/v2\/media?parent=8010"}],"wp:term":[{"taxonomy":"product_brand","embeddable":true,"href":"https:\/\/www.flacunhasemijoias.com.br\/loja\/wp-json\/wp\/v2\/product_brand?post=8010"},{"taxonomy":"product_cat","embeddable":true,"href":"https:\/\/www.flacunhasemijoias.com.br\/loja\/wp-json\/wp\/v2\/product_cat?post=8010"},{"taxonomy":"product_tag","embeddable":true,"href":"https:\/\/www.flacunhasemijoias.com.br\/loja\/wp-json\/wp\/v2\/product_tag?post=8010"}],"curies":[{"name":"wp","href":"https:\/\/api.w.org\/{rel}","templated":true}]}}