{"id":8012,"date":"2026-03-24T11:50:25","date_gmt":"2026-03-24T14:50:25","guid":{"rendered":"https:\/\/www.flacunhasemijoias.com.br\/loja\/?post_type=product&#038;p=8012"},"modified":"2026-03-24T11:50:27","modified_gmt":"2026-03-24T14:50:27","slug":"pulseira-riviera-gotas-de-zirconias-brancas-6mm-em-rodio-branco","status":"publish","type":"product","link":"https:\/\/www.flacunhasemijoias.com.br\/loja\/produto\/pulseira-riviera-gotas-de-zirconias-brancas-6mm-em-rodio-branco\/","title":{"rendered":"Pulseira Riviera Gotas de Zirc\u00f4nias Brancas 6mm em R\u00f3dio Branco"},"content":{"rendered":"<p>Pulseira riviera gotas de zirc\u00f4nias brancas 6mm, em r\u00f3dio branco.<\/p>\n","protected":false},"excerpt":{"rendered":"<p>Pulseira riviera gotas de zirc\u00f4nias brancas 6mm, em r\u00f3dio branco.<\/p>\n","protected":false},"featured_media":8013,"template":"","meta":[],"product_brand":[],"product_cat":[47],"product_tag":[73,122,160,457],"class_list":{"0":"post-8012","1":"product","2":"type-product","3":"status-publish","4":"has-post-thumbnail","6":"product_cat-pulseiras","7":"product_tag-pulseira","8":"product_tag-riviera","9":"product_tag-rodio-branco","10":"product_tag-zirconia-branca","12":"first","13":"instock","14":"shipping-taxable","15":"purchasable","16":"product-type-simple"},"aioseo_notices":[],"_links":{"self":[{"href":"https:\/\/www.flacunhasemijoias.com.br\/loja\/wp-json\/wp\/v2\/product\/8012","targetHints":{"allow":["GET"]}}],"collection":[{"href":"https:\/\/www.flacunhasemijoias.com.br\/loja\/wp-json\/wp\/v2\/product"}],"about":[{"href":"https:\/\/www.flacunhasemijoias.com.br\/loja\/wp-json\/wp\/v2\/types\/product"}],"wp:featuredmedia":[{"embeddable":true,"href":"https:\/\/www.flacunhasemijoias.com.br\/loja\/wp-json\/wp\/v2\/media\/8013"}],"wp:attachment":[{"href":"https:\/\/www.flacunhasemijoias.com.br\/loja\/wp-json\/wp\/v2\/media?parent=8012"}],"wp:term":[{"taxonomy":"product_brand","embeddable":true,"href":"https:\/\/www.flacunhasemijoias.com.br\/loja\/wp-json\/wp\/v2\/product_brand?post=8012"},{"taxonomy":"product_cat","embeddable":true,"href":"https:\/\/www.flacunhasemijoias.com.br\/loja\/wp-json\/wp\/v2\/product_cat?post=8012"},{"taxonomy":"product_tag","embeddable":true,"href":"https:\/\/www.flacunhasemijoias.com.br\/loja\/wp-json\/wp\/v2\/product_tag?post=8012"}],"curies":[{"name":"wp","href":"https:\/\/api.w.org\/{rel}","templated":true}]}}