{"id":8021,"date":"2026-03-24T12:39:31","date_gmt":"2026-03-24T15:39:31","guid":{"rendered":"https:\/\/www.flacunhasemijoias.com.br\/loja\/?post_type=product&#038;p=8021"},"modified":"2026-03-24T12:39:32","modified_gmt":"2026-03-24T15:39:32","slug":"pulseira-riviera-com-zirconia-negra-2mm-em-rodio-negro","status":"publish","type":"product","link":"https:\/\/www.flacunhasemijoias.com.br\/loja\/produto\/pulseira-riviera-com-zirconia-negra-2mm-em-rodio-negro\/","title":{"rendered":"Pulseira Riviera com Zirc\u00f4nia Negra 2mm em R\u00f3dio Negro"},"content":{"rendered":"<p>Pulseira riviera zirc\u00f4nia negra 2mm com 3 garras, em r\u00f3dio negro.<\/p>\n","protected":false},"excerpt":{"rendered":"<p>Pulseira riviera zirc\u00f4nia negra 2mm com 3 garras, em r\u00f3dio negro.<\/p>\n","protected":false},"featured_media":8022,"template":"","meta":[],"product_brand":[],"product_cat":[47],"product_tag":[73,122,53,78],"class_list":{"0":"post-8021","1":"product","2":"type-product","3":"status-publish","4":"has-post-thumbnail","6":"product_cat-pulseiras","7":"product_tag-pulseira","8":"product_tag-riviera","9":"product_tag-rodio-negro","10":"product_tag-zirconia-negra","12":"first","13":"instock","14":"shipping-taxable","15":"purchasable","16":"product-type-simple"},"aioseo_notices":[],"_links":{"self":[{"href":"https:\/\/www.flacunhasemijoias.com.br\/loja\/wp-json\/wp\/v2\/product\/8021","targetHints":{"allow":["GET"]}}],"collection":[{"href":"https:\/\/www.flacunhasemijoias.com.br\/loja\/wp-json\/wp\/v2\/product"}],"about":[{"href":"https:\/\/www.flacunhasemijoias.com.br\/loja\/wp-json\/wp\/v2\/types\/product"}],"wp:featuredmedia":[{"embeddable":true,"href":"https:\/\/www.flacunhasemijoias.com.br\/loja\/wp-json\/wp\/v2\/media\/8022"}],"wp:attachment":[{"href":"https:\/\/www.flacunhasemijoias.com.br\/loja\/wp-json\/wp\/v2\/media?parent=8021"}],"wp:term":[{"taxonomy":"product_brand","embeddable":true,"href":"https:\/\/www.flacunhasemijoias.com.br\/loja\/wp-json\/wp\/v2\/product_brand?post=8021"},{"taxonomy":"product_cat","embeddable":true,"href":"https:\/\/www.flacunhasemijoias.com.br\/loja\/wp-json\/wp\/v2\/product_cat?post=8021"},{"taxonomy":"product_tag","embeddable":true,"href":"https:\/\/www.flacunhasemijoias.com.br\/loja\/wp-json\/wp\/v2\/product_tag?post=8021"}],"curies":[{"name":"wp","href":"https:\/\/api.w.org\/{rel}","templated":true}]}}