{"id":8024,"date":"2026-03-24T12:46:04","date_gmt":"2026-03-24T15:46:04","guid":{"rendered":"https:\/\/www.flacunhasemijoias.com.br\/loja\/?post_type=product&#038;p=8024"},"modified":"2026-03-24T12:46:06","modified_gmt":"2026-03-24T15:46:06","slug":"bracelete-3-coracoes-com-ponto-de-luz-em-rodio-branco","status":"publish","type":"product","link":"https:\/\/www.flacunhasemijoias.com.br\/loja\/produto\/bracelete-3-coracoes-com-ponto-de-luz-em-rodio-branco\/","title":{"rendered":"Bracelete 3 Cora\u00e7\u00f5es com Ponto de Luz em R\u00f3dio Branco"},"content":{"rendered":"<p>Bracelete 3 cora\u00e7\u00f5es com ponto de luz, em r\u00f3dio branco.<\/p>\n","protected":false},"excerpt":{"rendered":"<p>Bracelete 3 cora\u00e7\u00f5es com ponto de luz, em r\u00f3dio branco.<\/p>\n","protected":false},"featured_media":8025,"template":"","meta":[],"product_brand":[],"product_cat":[318],"product_tag":[185,113,72,160,457],"class_list":{"0":"post-8024","1":"product","2":"type-product","3":"status-publish","4":"has-post-thumbnail","6":"product_cat-braceletes","7":"product_tag-bracelete","8":"product_tag-coracao","9":"product_tag-cravejado","10":"product_tag-rodio-branco","11":"product_tag-zirconia-branca","13":"first","14":"instock","15":"shipping-taxable","16":"purchasable","17":"product-type-simple"},"aioseo_notices":[],"_links":{"self":[{"href":"https:\/\/www.flacunhasemijoias.com.br\/loja\/wp-json\/wp\/v2\/product\/8024","targetHints":{"allow":["GET"]}}],"collection":[{"href":"https:\/\/www.flacunhasemijoias.com.br\/loja\/wp-json\/wp\/v2\/product"}],"about":[{"href":"https:\/\/www.flacunhasemijoias.com.br\/loja\/wp-json\/wp\/v2\/types\/product"}],"wp:featuredmedia":[{"embeddable":true,"href":"https:\/\/www.flacunhasemijoias.com.br\/loja\/wp-json\/wp\/v2\/media\/8025"}],"wp:attachment":[{"href":"https:\/\/www.flacunhasemijoias.com.br\/loja\/wp-json\/wp\/v2\/media?parent=8024"}],"wp:term":[{"taxonomy":"product_brand","embeddable":true,"href":"https:\/\/www.flacunhasemijoias.com.br\/loja\/wp-json\/wp\/v2\/product_brand?post=8024"},{"taxonomy":"product_cat","embeddable":true,"href":"https:\/\/www.flacunhasemijoias.com.br\/loja\/wp-json\/wp\/v2\/product_cat?post=8024"},{"taxonomy":"product_tag","embeddable":true,"href":"https:\/\/www.flacunhasemijoias.com.br\/loja\/wp-json\/wp\/v2\/product_tag?post=8024"}],"curies":[{"name":"wp","href":"https:\/\/api.w.org\/{rel}","templated":true}]}}