{"id":8027,"date":"2026-03-24T13:03:01","date_gmt":"2026-03-24T16:03:01","guid":{"rendered":"https:\/\/www.flacunhasemijoias.com.br\/loja\/?post_type=product&#038;p=8027"},"modified":"2026-03-24T13:15:02","modified_gmt":"2026-03-24T16:15:02","slug":"trio-de-pulseiras-entrelacadas-malha-em-rodio-branco","status":"publish","type":"product","link":"https:\/\/www.flacunhasemijoias.com.br\/loja\/produto\/trio-de-pulseiras-entrelacadas-malha-em-rodio-branco\/","title":{"rendered":"Trio de Pulseiras Entrela\u00e7adas em Malha de R\u00f3dio Branco"},"content":{"rendered":"<p>Trio de pulseiras entrela\u00e7adas malha, em r\u00f3dio branco.<\/p>\n","protected":false},"excerpt":{"rendered":"<p>Trio de pulseiras entrela\u00e7adas malha, em r\u00f3dio branco.<\/p>\n","protected":false},"featured_media":8028,"template":"","meta":[],"product_brand":[],"product_cat":[47],"product_tag":[140,73,160],"class_list":{"0":"post-8027","1":"product","2":"type-product","3":"status-publish","4":"has-post-thumbnail","6":"product_cat-pulseiras","7":"product_tag-malha","8":"product_tag-pulseira","9":"product_tag-rodio-branco","11":"first","12":"instock","13":"shipping-taxable","14":"purchasable","15":"product-type-simple"},"aioseo_notices":[],"_links":{"self":[{"href":"https:\/\/www.flacunhasemijoias.com.br\/loja\/wp-json\/wp\/v2\/product\/8027","targetHints":{"allow":["GET"]}}],"collection":[{"href":"https:\/\/www.flacunhasemijoias.com.br\/loja\/wp-json\/wp\/v2\/product"}],"about":[{"href":"https:\/\/www.flacunhasemijoias.com.br\/loja\/wp-json\/wp\/v2\/types\/product"}],"wp:featuredmedia":[{"embeddable":true,"href":"https:\/\/www.flacunhasemijoias.com.br\/loja\/wp-json\/wp\/v2\/media\/8028"}],"wp:attachment":[{"href":"https:\/\/www.flacunhasemijoias.com.br\/loja\/wp-json\/wp\/v2\/media?parent=8027"}],"wp:term":[{"taxonomy":"product_brand","embeddable":true,"href":"https:\/\/www.flacunhasemijoias.com.br\/loja\/wp-json\/wp\/v2\/product_brand?post=8027"},{"taxonomy":"product_cat","embeddable":true,"href":"https:\/\/www.flacunhasemijoias.com.br\/loja\/wp-json\/wp\/v2\/product_cat?post=8027"},{"taxonomy":"product_tag","embeddable":true,"href":"https:\/\/www.flacunhasemijoias.com.br\/loja\/wp-json\/wp\/v2\/product_tag?post=8027"}],"curies":[{"name":"wp","href":"https:\/\/api.w.org\/{rel}","templated":true}]}}