{"id":8035,"date":"2026-03-24T15:36:09","date_gmt":"2026-03-24T18:36:09","guid":{"rendered":"https:\/\/www.flacunhasemijoias.com.br\/loja\/?post_type=product&#038;p=8035"},"modified":"2026-03-24T15:36:11","modified_gmt":"2026-03-24T18:36:11","slug":"anel-5-fileiras-com-coracao-banhado-a-ouro18k","status":"publish","type":"product","link":"https:\/\/www.flacunhasemijoias.com.br\/loja\/produto\/anel-5-fileiras-com-coracao-banhado-a-ouro18k\/","title":{"rendered":"Anel 5 Fileiras com Cora\u00e7\u00e3o Banhado a Ouro18k"},"content":{"rendered":"<p>Anel 5 fileiras com cora\u00e7\u00e3o cravejado de zirc\u00f4nias brancas, banhado a ouro18k.<\/p>\n","protected":false},"excerpt":{"rendered":"<p>Anel 5 fileiras com cora\u00e7\u00e3o cravejado de zirc\u00f4nias brancas, banhado a ouro18k.<\/p>\n","protected":false},"featured_media":8039,"template":"","meta":[],"product_brand":[],"product_cat":[213],"product_tag":[65,317,113,72,457],"class_list":{"0":"post-8035","1":"product","2":"type-product","3":"status-publish","4":"has-post-thumbnail","6":"product_cat-aneis","7":"product_tag-anel","8":"product_tag-banhado-ouro18k","9":"product_tag-coracao","10":"product_tag-cravejado","11":"product_tag-zirconia-branca","12":"pa_numero-32","14":"first","15":"instock","16":"shipping-taxable","17":"purchasable","18":"product-type-variable"},"aioseo_notices":[],"_links":{"self":[{"href":"https:\/\/www.flacunhasemijoias.com.br\/loja\/wp-json\/wp\/v2\/product\/8035","targetHints":{"allow":["GET"]}}],"collection":[{"href":"https:\/\/www.flacunhasemijoias.com.br\/loja\/wp-json\/wp\/v2\/product"}],"about":[{"href":"https:\/\/www.flacunhasemijoias.com.br\/loja\/wp-json\/wp\/v2\/types\/product"}],"wp:featuredmedia":[{"embeddable":true,"href":"https:\/\/www.flacunhasemijoias.com.br\/loja\/wp-json\/wp\/v2\/media\/8039"}],"wp:attachment":[{"href":"https:\/\/www.flacunhasemijoias.com.br\/loja\/wp-json\/wp\/v2\/media?parent=8035"}],"wp:term":[{"taxonomy":"product_brand","embeddable":true,"href":"https:\/\/www.flacunhasemijoias.com.br\/loja\/wp-json\/wp\/v2\/product_brand?post=8035"},{"taxonomy":"product_cat","embeddable":true,"href":"https:\/\/www.flacunhasemijoias.com.br\/loja\/wp-json\/wp\/v2\/product_cat?post=8035"},{"taxonomy":"product_tag","embeddable":true,"href":"https:\/\/www.flacunhasemijoias.com.br\/loja\/wp-json\/wp\/v2\/product_tag?post=8035"}],"curies":[{"name":"wp","href":"https:\/\/api.w.org\/{rel}","templated":true}]}}