{"id":8041,"date":"2026-03-24T15:44:46","date_gmt":"2026-03-24T18:44:46","guid":{"rendered":"https:\/\/www.flacunhasemijoias.com.br\/loja\/?post_type=product&#038;p=8041"},"modified":"2026-03-24T15:57:12","modified_gmt":"2026-03-24T18:57:12","slug":"anel-entrelacado-trinity-cravejado-de-zirconias-brancas-banhado-a-ouro18k","status":"publish","type":"product","link":"https:\/\/www.flacunhasemijoias.com.br\/loja\/produto\/anel-entrelacado-trinity-cravejado-de-zirconias-brancas-banhado-a-ouro18k\/","title":{"rendered":"Anel Entrela\u00e7ado Trinity Cravejado de Zirc\u00f4nias Brancas Banhado a Ouro18k"},"content":{"rendered":"<p>Anel entrela\u00e7ado trinity cravejado de zirc\u00f4nias brancas, banhado a ouro18k.<\/p>\n","protected":false},"excerpt":{"rendered":"<p>Anel entrela\u00e7ado trinity cravejado de zirc\u00f4nias brancas, banhado a ouro18k.<\/p>\n","protected":false},"featured_media":8044,"template":"","meta":[],"product_brand":[],"product_cat":[213],"product_tag":[65,317,72,457],"class_list":{"0":"post-8041","1":"product","2":"type-product","3":"status-publish","4":"has-post-thumbnail","6":"product_cat-aneis","7":"product_tag-anel","8":"product_tag-banhado-ouro18k","9":"product_tag-cravejado","10":"product_tag-zirconia-branca","11":"pa_numero-35","12":"pa_numero-37","14":"first","15":"instock","16":"shipping-taxable","17":"purchasable","18":"product-type-variable"},"aioseo_notices":[],"_links":{"self":[{"href":"https:\/\/www.flacunhasemijoias.com.br\/loja\/wp-json\/wp\/v2\/product\/8041","targetHints":{"allow":["GET"]}}],"collection":[{"href":"https:\/\/www.flacunhasemijoias.com.br\/loja\/wp-json\/wp\/v2\/product"}],"about":[{"href":"https:\/\/www.flacunhasemijoias.com.br\/loja\/wp-json\/wp\/v2\/types\/product"}],"wp:featuredmedia":[{"embeddable":true,"href":"https:\/\/www.flacunhasemijoias.com.br\/loja\/wp-json\/wp\/v2\/media\/8044"}],"wp:attachment":[{"href":"https:\/\/www.flacunhasemijoias.com.br\/loja\/wp-json\/wp\/v2\/media?parent=8041"}],"wp:term":[{"taxonomy":"product_brand","embeddable":true,"href":"https:\/\/www.flacunhasemijoias.com.br\/loja\/wp-json\/wp\/v2\/product_brand?post=8041"},{"taxonomy":"product_cat","embeddable":true,"href":"https:\/\/www.flacunhasemijoias.com.br\/loja\/wp-json\/wp\/v2\/product_cat?post=8041"},{"taxonomy":"product_tag","embeddable":true,"href":"https:\/\/www.flacunhasemijoias.com.br\/loja\/wp-json\/wp\/v2\/product_tag?post=8041"}],"curies":[{"name":"wp","href":"https:\/\/api.w.org\/{rel}","templated":true}]}}