{"id":8054,"date":"2026-03-24T17:29:35","date_gmt":"2026-03-24T20:29:35","guid":{"rendered":"https:\/\/www.flacunhasemijoias.com.br\/loja\/?post_type=product&#038;p=8054"},"modified":"2026-03-24T17:29:36","modified_gmt":"2026-03-24T20:29:36","slug":"anel-solitario-de-coracao-safira-banhado-a-ouro18k","status":"publish","type":"product","link":"https:\/\/www.flacunhasemijoias.com.br\/loja\/produto\/anel-solitario-de-coracao-safira-banhado-a-ouro18k\/","title":{"rendered":"Anel Solit\u00e1rio de Cora\u00e7\u00e3o Safira Banhado a Ouro18k"},"content":{"rendered":"<p>Anel solit\u00e1rio de cora\u00e7\u00e3o safira, banhado a ouro18k.<\/p>\n","protected":false},"excerpt":{"rendered":"<p>Anel solit\u00e1rio de cora\u00e7\u00e3o safira, banhado a ouro18k.<\/p>\n","protected":false},"featured_media":8060,"template":"","meta":[],"product_brand":[],"product_cat":[213],"product_tag":[65,317,113,461],"class_list":{"0":"post-8054","1":"product","2":"type-product","3":"status-publish","4":"has-post-thumbnail","6":"product_cat-aneis","7":"product_tag-anel","8":"product_tag-banhado-ouro18k","9":"product_tag-coracao","10":"product_tag-safira","11":"pa_numero-30","12":"pa_numero-35","13":"pa_numero-36","14":"pa_numero-37","15":"pa_numero-40","17":"first","18":"instock","19":"shipping-taxable","20":"purchasable","21":"product-type-variable"},"aioseo_notices":[],"_links":{"self":[{"href":"https:\/\/www.flacunhasemijoias.com.br\/loja\/wp-json\/wp\/v2\/product\/8054","targetHints":{"allow":["GET"]}}],"collection":[{"href":"https:\/\/www.flacunhasemijoias.com.br\/loja\/wp-json\/wp\/v2\/product"}],"about":[{"href":"https:\/\/www.flacunhasemijoias.com.br\/loja\/wp-json\/wp\/v2\/types\/product"}],"wp:featuredmedia":[{"embeddable":true,"href":"https:\/\/www.flacunhasemijoias.com.br\/loja\/wp-json\/wp\/v2\/media\/8060"}],"wp:attachment":[{"href":"https:\/\/www.flacunhasemijoias.com.br\/loja\/wp-json\/wp\/v2\/media?parent=8054"}],"wp:term":[{"taxonomy":"product_brand","embeddable":true,"href":"https:\/\/www.flacunhasemijoias.com.br\/loja\/wp-json\/wp\/v2\/product_brand?post=8054"},{"taxonomy":"product_cat","embeddable":true,"href":"https:\/\/www.flacunhasemijoias.com.br\/loja\/wp-json\/wp\/v2\/product_cat?post=8054"},{"taxonomy":"product_tag","embeddable":true,"href":"https:\/\/www.flacunhasemijoias.com.br\/loja\/wp-json\/wp\/v2\/product_tag?post=8054"}],"curies":[{"name":"wp","href":"https:\/\/api.w.org\/{rel}","templated":true}]}}