{"id":8062,"date":"2026-03-24T17:44:10","date_gmt":"2026-03-24T20:44:10","guid":{"rendered":"https:\/\/www.flacunhasemijoias.com.br\/loja\/?post_type=product&#038;p=8062"},"modified":"2026-03-24T17:44:12","modified_gmt":"2026-03-24T20:44:12","slug":"anel-solitario-coracao-zirconia-branca-banhado-a-ouro18k","status":"publish","type":"product","link":"https:\/\/www.flacunhasemijoias.com.br\/loja\/produto\/anel-solitario-coracao-zirconia-branca-banhado-a-ouro18k\/","title":{"rendered":"Anel Solit\u00e1rio Cora\u00e7\u00e3o Zirc\u00f4nia Branca Banhado a Ouro18k"},"content":{"rendered":"<p>Anel solit\u00e1rio cora\u00e7\u00e3o zirc\u00f4nia branca, banhado a ouro18k.<\/p>\n","protected":false},"excerpt":{"rendered":"<p>Anel solit\u00e1rio cora\u00e7\u00e3o zirc\u00f4nia branca, banhado a ouro18k.<\/p>\n","protected":false},"featured_media":8065,"template":"","meta":[],"product_brand":[],"product_cat":[213],"product_tag":[65,317,113,457],"class_list":{"0":"post-8062","1":"product","2":"type-product","3":"status-publish","4":"has-post-thumbnail","6":"product_cat-aneis","7":"product_tag-anel","8":"product_tag-banhado-ouro18k","9":"product_tag-coracao","10":"product_tag-zirconia-branca","11":"pa_numero-33","12":"pa_numero-37","14":"first","15":"instock","16":"shipping-taxable","17":"purchasable","18":"product-type-variable"},"aioseo_notices":[],"_links":{"self":[{"href":"https:\/\/www.flacunhasemijoias.com.br\/loja\/wp-json\/wp\/v2\/product\/8062","targetHints":{"allow":["GET"]}}],"collection":[{"href":"https:\/\/www.flacunhasemijoias.com.br\/loja\/wp-json\/wp\/v2\/product"}],"about":[{"href":"https:\/\/www.flacunhasemijoias.com.br\/loja\/wp-json\/wp\/v2\/types\/product"}],"wp:featuredmedia":[{"embeddable":true,"href":"https:\/\/www.flacunhasemijoias.com.br\/loja\/wp-json\/wp\/v2\/media\/8065"}],"wp:attachment":[{"href":"https:\/\/www.flacunhasemijoias.com.br\/loja\/wp-json\/wp\/v2\/media?parent=8062"}],"wp:term":[{"taxonomy":"product_brand","embeddable":true,"href":"https:\/\/www.flacunhasemijoias.com.br\/loja\/wp-json\/wp\/v2\/product_brand?post=8062"},{"taxonomy":"product_cat","embeddable":true,"href":"https:\/\/www.flacunhasemijoias.com.br\/loja\/wp-json\/wp\/v2\/product_cat?post=8062"},{"taxonomy":"product_tag","embeddable":true,"href":"https:\/\/www.flacunhasemijoias.com.br\/loja\/wp-json\/wp\/v2\/product_tag?post=8062"}],"curies":[{"name":"wp","href":"https:\/\/api.w.org\/{rel}","templated":true}]}}